{"id":1360,"date":"2020-04-05T00:10:55","date_gmt":"2020-04-04T22:10:55","guid":{"rendered":"https:\/\/academypedia.info\/fr\/produit\/mug\/"},"modified":"2020-04-05T03:40:49","modified_gmt":"2020-04-05T01:40:49","slug":"tasse-de-cafe-veille-technologique-cybersecurite-pour-cafe-gourmand","status":"publish","type":"product","link":"https:\/\/academypedia.info\/fr\/produit\/tasse-de-cafe-veille-technologique-cybersecurite-pour-cafe-gourmand\/","title":{"rendered":"Veille Technologique &#038; Cybers\u00e9curit\u00e9 , Tasse de Caf\u00e9 Design Geek"},"content":{"rendered":"\n\n<div class=\"kk-star-ratings kksr-auto kksr-align-left kksr-valign-top\"\n    data-payload='{&quot;align&quot;:&quot;left&quot;,&quot;id&quot;:&quot;1360&quot;,&quot;slug&quot;:&quot;default&quot;,&quot;valign&quot;:&quot;top&quot;,&quot;ignore&quot;:&quot;&quot;,&quot;reference&quot;:&quot;auto&quot;,&quot;class&quot;:&quot;&quot;,&quot;count&quot;:&quot;0&quot;,&quot;legendonly&quot;:&quot;&quot;,&quot;readonly&quot;:&quot;&quot;,&quot;score&quot;:&quot;0&quot;,&quot;starsonly&quot;:&quot;&quot;,&quot;best&quot;:&quot;5&quot;,&quot;gap&quot;:&quot;5&quot;,&quot;greet&quot;:&quot;Rate this product&quot;,&quot;legend&quot;:&quot;0\\\/5 - (0 vote)&quot;,&quot;size&quot;:&quot;24&quot;,&quot;title&quot;:&quot;Veille Technologique \\u0026amp; Cybers\u00e9curit\u00e9 , Tasse de Caf\u00e9 Design Geek&quot;,&quot;width&quot;:&quot;0&quot;,&quot;_legend&quot;:&quot;{score}\\\/{best} - ({count} {votes})&quot;,&quot;font_factor&quot;:&quot;1.25&quot;}'>\n            \n<div class=\"kksr-stars\">\n    \n<div class=\"kksr-stars-inactive\">\n            <div class=\"kksr-star\" data-star=\"1\" style=\"padding-right: 5px\">\n            \n\n<div class=\"kksr-icon\" style=\"width: 24px; height: 24px;\"><\/div>\n        <\/div>\n            <div class=\"kksr-star\" data-star=\"2\" style=\"padding-right: 5px\">\n            \n\n<div class=\"kksr-icon\" style=\"width: 24px; height: 24px;\"><\/div>\n        <\/div>\n            <div class=\"kksr-star\" data-star=\"3\" style=\"padding-right: 5px\">\n            \n\n<div class=\"kksr-icon\" style=\"width: 24px; height: 24px;\"><\/div>\n        <\/div>\n            <div class=\"kksr-star\" data-star=\"4\" style=\"padding-right: 5px\">\n            \n\n<div class=\"kksr-icon\" style=\"width: 24px; height: 24px;\"><\/div>\n        <\/div>\n            <div class=\"kksr-star\" data-star=\"5\" style=\"padding-right: 5px\">\n            \n\n<div class=\"kksr-icon\" style=\"width: 24px; height: 24px;\"><\/div>\n        <\/div>\n    <\/div>\n    \n<div class=\"kksr-stars-active\" style=\"width: 0px;\">\n            <div class=\"kksr-star\" style=\"padding-right: 5px\">\n            \n\n<div class=\"kksr-icon\" style=\"width: 24px; height: 24px;\"><\/div>\n        <\/div>\n            <div class=\"kksr-star\" style=\"padding-right: 5px\">\n            \n\n<div class=\"kksr-icon\" style=\"width: 24px; height: 24px;\"><\/div>\n        <\/div>\n            <div class=\"kksr-star\" style=\"padding-right: 5px\">\n            \n\n<div class=\"kksr-icon\" style=\"width: 24px; height: 24px;\"><\/div>\n        <\/div>\n            <div class=\"kksr-star\" style=\"padding-right: 5px\">\n            \n\n<div class=\"kksr-icon\" style=\"width: 24px; height: 24px;\"><\/div>\n        <\/div>\n            <div class=\"kksr-star\" style=\"padding-right: 5px\">\n            \n\n<div class=\"kksr-icon\" style=\"width: 24px; height: 24px;\"><\/div>\n        <\/div>\n    <\/div>\n<\/div>\n                \n\n<div class=\"kksr-legend\" style=\"font-size: 19.2px;\">\n            <span class=\"kksr-muted\">Rate this product<\/span>\n    <\/div>\n    <\/div>\n<p>Envie de boissons non alcoolis\u00e9es ? Pourquoi pas un caf\u00e9 ? Servez-vous un caf\u00e9 gourmand dans cette tasse de caf\u00e9 en c\u00e9ramique !<\/p>\n<!-- relpost-thumb-wrapper --><div class=\"relpost-thumb-wrapper\"><!-- filter-class --><div class=\"relpost-thumb-container\"><style>.relpost-block-single-image, .relpost-post-image { margin-bottom: 10px; }<\/style><h3>Related posts:<\/h3><div style=\"clear: both\"><\/div><div style=\"clear: both\"><\/div><!-- relpost-block-container --><div class=\"relpost-block-container relpost-block-column-layout\" style=\"--relposth-columns: 3;--relposth-columns_t: 2; --relposth-columns_m: 2\"><a href=\"https:\/\/academypedia.info\/fr\/produit\/concept-de-programmationdesign-monoligne-tasse-de-cafe-design-mug\/\"class=\"relpost-block-single\" ><div class=\"relpost-custom-block-single\"><div class=\"relpost-block-single-image rpt-lazyload\" aria-hidden=\"true\" role=\"img\" data-bg=\"https:\/\/academypedia.info\/fr\/wp-content\/uploads\/2020\/03\/mockup-ccc990cc-300x300.jpg\" style=\"background: transparent no-repeat scroll 0% 0%; width: 300px; height: 300px; aspect-ratio: 1\/1;\"><\/div><div class=\"relpost-block-single-text\"  style=\"height: 75px;font-family: Arial;  font-size: 12px;  color: #333333;\"><h2 class=\"relpost_card_title\">Concept de programmation via un Design Monoligne ,Tasse de Caf\u00e9 Design, Mug<\/h2><\/div><\/div><\/a><a href=\"https:\/\/academypedia.info\/fr\/produit\/tasse-de-cafe-design-domaines-d-application-de-l-ai-mug-design\/\"class=\"relpost-block-single\" ><div class=\"relpost-custom-block-single\"><div class=\"relpost-block-single-image rpt-lazyload\" aria-hidden=\"true\" role=\"img\" data-bg=\"https:\/\/academypedia.info\/fr\/wp-content\/uploads\/2020\/01\/mockup-027c89d1-300x300.jpg\" style=\"background: transparent no-repeat scroll 0% 0%; width: 300px; height: 300px; aspect-ratio: 1\/1;\"><\/div><div class=\"relpost-block-single-text\"  style=\"height: 75px;font-family: Arial;  font-size: 12px;  color: #333333;\"><h2 class=\"relpost_card_title\">Tasse de Caf\u00e9 Design - Domaines d\u2019application de l\u2019IA - Mug Design<\/h2><\/div><\/div><\/a><a href=\"https:\/\/academypedia.info\/fr\/produit\/tasse-de-cafe-design-concept-de-l-intelligence-artificielle-mug-design\/\"class=\"relpost-block-single\" ><div class=\"relpost-custom-block-single\"><div class=\"relpost-block-single-image rpt-lazyload\" aria-hidden=\"true\" role=\"img\" data-bg=\"https:\/\/academypedia.info\/fr\/wp-content\/uploads\/2020\/01\/mockup-a528639a-1-300x300.jpg\" style=\"background: transparent no-repeat scroll 0% 0%; width: 300px; height: 300px; aspect-ratio: 1\/1;\"><\/div><div class=\"relpost-block-single-text\"  style=\"height: 75px;font-family: Arial;  font-size: 12px;  color: #333333;\"><h2 class=\"relpost_card_title\">Tasse de Caf\u00e9 Design - Concept de l&#039;Intelligence Artificielle - Mug Design<\/h2><\/div><\/div><\/a><a href=\"https:\/\/academypedia.info\/fr\/produit\/tasse-de-cafe-design-apprentissage-automatique-mug-design\/\"class=\"relpost-block-single\" ><div class=\"relpost-custom-block-single\"><div class=\"relpost-block-single-image rpt-lazyload\" aria-hidden=\"true\" role=\"img\" data-bg=\"https:\/\/academypedia.info\/fr\/wp-content\/uploads\/2020\/01\/mockup-613bd056-300x300.jpg\" style=\"background: transparent no-repeat scroll 0% 0%; width: 300px; height: 300px; aspect-ratio: 1\/1;\"><\/div><div class=\"relpost-block-single-text\"  style=\"height: 75px;font-family: Arial;  font-size: 12px;  color: #333333;\"><h2 class=\"relpost_card_title\">Tasse de Caf\u00e9 Design - Apprentissage automatique - Mug Design<\/h2><\/div><\/div><\/a><a href=\"https:\/\/academypedia.info\/fr\/produit\/tasse-de-cafe-avec-decoration-veille-et-robotique-vision\/\"class=\"relpost-block-single\" ><div class=\"relpost-custom-block-single\"><div class=\"relpost-block-single-image rpt-lazyload\" aria-hidden=\"true\" role=\"img\" data-bg=\"https:\/\/academypedia.info\/fr\/wp-content\/uploads\/2022\/05\/white-glossy-mug-15oz-office-environment-628a29de5e193-300x300.jpg\" style=\"background: transparent no-repeat scroll 0% 0%; width: 300px; height: 300px; aspect-ratio: 1\/1;\"><\/div><div class=\"relpost-block-single-text\"  style=\"height: 75px;font-family: Arial;  font-size: 12px;  color: #333333;\"><h2 class=\"relpost_card_title\">Tasse de Caf\u00e9 avec D\u00e9coration \u201cVeille et Robotique ( Vision )\u201d<\/h2><\/div><\/div><\/a><a href=\"https:\/\/academypedia.info\/fr\/produit\/tasse-de-chocolat-chaud-garder-un-oeil-sur-lessentiel-avec-logo\/\"class=\"relpost-block-single\" ><div class=\"relpost-custom-block-single\"><div class=\"relpost-block-single-image rpt-lazyload\" aria-hidden=\"true\" role=\"img\" data-bg=\"https:\/\/academypedia.info\/fr\/wp-content\/uploads\/2022\/05\/white-glossy-mug-15oz-office-environment-6287fcdacb44e-300x300.jpg\" style=\"background: transparent no-repeat scroll 0% 0%; width: 300px; height: 300px; aspect-ratio: 1\/1;\"><\/div><div class=\"relpost-block-single-text\"  style=\"height: 75px;font-family: Arial;  font-size: 12px;  color: #333333;\"><h2 class=\"relpost_card_title\">Tasse de Chocolat Chaud \u201cGarder un Oeil sur l\u2019Essentiel\u201d avec Logo<\/h2><\/div><\/div><\/a><\/div><!-- close relpost-block-container --><div style=\"clear: both\"><\/div><\/div><!-- close filter class --><\/div><!-- close relpost-thumb-wrapper -->","protected":false},"excerpt":{"rendered":"<p>Envie de boissons non alcoolis\u00e9es ? Pourquoi pas un caf\u00e9 ? Servez-vous un caf\u00e9 gourmand dans cette tasse de caf\u00e9 en c\u00e9ramique ! Related posts:Mug Geek &quot;Mot de passe fort&quot;, Tasse de Caf\u00e9 sur S\u00e9curit\u00e9 des Mobiles, Id\u00e9e de CadeauTasse de Caf\u00e9 Design &#8211; Domaines d\u2019application de l\u2019IA &#8211; Mug DesignTasse \u00e0 Caf\u00e9 D\u00e9corative &quot;Veille [&hellip;]<\/p>\n","protected":false},"featured_media":1363,"comment_status":"open","ping_status":"closed","template":"","meta":[],"product_brand":[],"product_cat":[31,30],"product_tag":[53,52,54,55,50,51],"class_list":{"0":"post-1360","1":"product","2":"type-product","3":"status-publish","4":"has-post-thumbnail","6":"product_cat-intelligence-economique","7":"product_cat-veille-technologique","8":"product_tag-collection-de-tasses-de-cafe-revetues-d-une-surface-brillante","9":"product_tag-collection-de-tasses-de-cafe-design-en-ceramique","10":"product_tag-collection-de-tasses-de-cafe-compatibles-au-lave-vaisselle","11":"product_tag-collection-de-tasses-de-cafe-compatibles-micro-ondes","12":"product_tag-tasses-avec-dessin-lie-au-numerique-tic-a-l-informatique-et-a-la-veille","13":"product_tag-tasses-de-cafe-design-dediees-aux-tic-et-a-la-veille-technologique","15":"first","16":"instock","17":"taxable","18":"shipping-taxable","19":"purchasable","20":"product-type-variable","21":"has-default-attributes"},"yoast_head":"<!-- This site is optimized with the Yoast SEO plugin v27.4 - https:\/\/yoast.com\/product\/yoast-seo-wordpress\/ -->\n<title>Tasse de Caf\u00e9 &quot;Veille Technologique &amp; Cybers\u00e9curit\u00e9&quot; pour caf\u00e9 gourmand<\/title>\n<meta name=\"description\" content=\"Envie de boissons non alcoolis\u00e9es ? Pourquoi pas un caf\u00e9 ? Servez-vous un caf\u00e9 gourmand dans cette tasse de caf\u00e9 en c\u00e9ramique !\" \/>\n<meta name=\"robots\" content=\"index, follow, max-snippet:-1, max-image-preview:large, max-video-preview:-1\" \/>\n<link rel=\"canonical\" href=\"https:\/\/academypedia.info\/fr\/produit\/tasse-de-cafe-veille-technologique-cybersecurite-pour-cafe-gourmand\/\" \/>\n<meta property=\"og:locale\" content=\"fr_FR\" \/>\n<meta property=\"og:type\" content=\"article\" \/>\n<meta property=\"og:title\" content=\"Tasse de Caf\u00e9 &quot;Veille Technologique &amp; Cybers\u00e9curit\u00e9&quot; pour caf\u00e9 gourmand\" \/>\n<meta property=\"og:description\" content=\"Envie de boissons non alcoolis\u00e9es ? Pourquoi pas un caf\u00e9 ? Servez-vous un caf\u00e9 gourmand dans cette tasse de caf\u00e9 en c\u00e9ramique !\" \/>\n<meta property=\"og:url\" content=\"https:\/\/academypedia.info\/fr\/produit\/tasse-de-cafe-veille-technologique-cybersecurite-pour-cafe-gourmand\/\" \/>\n<meta property=\"og:site_name\" content=\"Academypedia\" \/>\n<meta property=\"article:modified_time\" content=\"2020-04-05T01:40:49+00:00\" \/>\n<meta property=\"og:image\" content=\"https:\/\/academypedia.info\/fr\/wp-content\/uploads\/2020\/04\/mockup-3f9b5b8d.jpg\" \/>\n\t<meta property=\"og:image:width\" content=\"1000\" \/>\n\t<meta property=\"og:image:height\" content=\"1000\" \/>\n\t<meta property=\"og:image:type\" content=\"image\/jpeg\" \/>\n<meta name=\"twitter:card\" content=\"summary_large_image\" \/>\n<script type=\"application\/ld+json\" class=\"yoast-schema-graph\">{\"@context\":\"https:\\\/\\\/schema.org\",\"@graph\":[{\"@type\":\"WebPage\",\"@id\":\"https:\\\/\\\/academypedia.info\\\/fr\\\/produit\\\/tasse-de-cafe-veille-technologique-cybersecurite-pour-cafe-gourmand\\\/\",\"url\":\"https:\\\/\\\/academypedia.info\\\/fr\\\/produit\\\/tasse-de-cafe-veille-technologique-cybersecurite-pour-cafe-gourmand\\\/\",\"name\":\"Tasse de Caf\u00e9 \\\"Veille Technologique & Cybers\u00e9curit\u00e9\\\" pour caf\u00e9 gourmand\",\"isPartOf\":{\"@id\":\"https:\\\/\\\/academypedia.info\\\/fr\\\/#website\"},\"primaryImageOfPage\":{\"@id\":\"https:\\\/\\\/academypedia.info\\\/fr\\\/produit\\\/tasse-de-cafe-veille-technologique-cybersecurite-pour-cafe-gourmand\\\/#primaryimage\"},\"image\":{\"@id\":\"https:\\\/\\\/academypedia.info\\\/fr\\\/produit\\\/tasse-de-cafe-veille-technologique-cybersecurite-pour-cafe-gourmand\\\/#primaryimage\"},\"thumbnailUrl\":\"https:\\\/\\\/academypedia.info\\\/fr\\\/wp-content\\\/uploads\\\/2020\\\/04\\\/mockup-3f9b5b8d.jpg\",\"datePublished\":\"2020-04-04T22:10:55+00:00\",\"dateModified\":\"2020-04-05T01:40:49+00:00\",\"description\":\"Envie de boissons non alcoolis\u00e9es ? Pourquoi pas un caf\u00e9 ? Servez-vous un caf\u00e9 gourmand dans cette tasse de caf\u00e9 en c\u00e9ramique !\",\"breadcrumb\":{\"@id\":\"https:\\\/\\\/academypedia.info\\\/fr\\\/produit\\\/tasse-de-cafe-veille-technologique-cybersecurite-pour-cafe-gourmand\\\/#breadcrumb\"},\"inLanguage\":\"fr-FR\",\"potentialAction\":[{\"@type\":\"ReadAction\",\"target\":[\"https:\\\/\\\/academypedia.info\\\/fr\\\/produit\\\/tasse-de-cafe-veille-technologique-cybersecurite-pour-cafe-gourmand\\\/\"]}]},{\"@type\":\"ImageObject\",\"inLanguage\":\"fr-FR\",\"@id\":\"https:\\\/\\\/academypedia.info\\\/fr\\\/produit\\\/tasse-de-cafe-veille-technologique-cybersecurite-pour-cafe-gourmand\\\/#primaryimage\",\"url\":\"https:\\\/\\\/academypedia.info\\\/fr\\\/wp-content\\\/uploads\\\/2020\\\/04\\\/mockup-3f9b5b8d.jpg\",\"contentUrl\":\"https:\\\/\\\/academypedia.info\\\/fr\\\/wp-content\\\/uploads\\\/2020\\\/04\\\/mockup-3f9b5b8d.jpg\",\"width\":1000,\"height\":1000},{\"@type\":\"BreadcrumbList\",\"@id\":\"https:\\\/\\\/academypedia.info\\\/fr\\\/produit\\\/tasse-de-cafe-veille-technologique-cybersecurite-pour-cafe-gourmand\\\/#breadcrumb\",\"itemListElement\":[{\"@type\":\"ListItem\",\"position\":1,\"name\":\"\u00a0 Page d'accueil\",\"item\":\"https:\\\/\\\/academypedia.info\\\/fr\\\/\"},{\"@type\":\"ListItem\",\"position\":2,\"name\":\"Cadeaux Originaux pour Sp\u00e9cialistes en TIC et Intelligence Technologique\",\"item\":\"https:\\\/\\\/academypedia.info\\\/fr\\\/cadeaux-originaux-pour-specialistes-en-tic-et-intelligence-technologique\\\/\"},{\"@type\":\"ListItem\",\"position\":3,\"name\":\"Veille technologique\",\"item\":\"https:\\\/\\\/academypedia.info\\\/fr\\\/categorie-produit\\\/veille-technologique\\\/\"},{\"@type\":\"ListItem\",\"position\":4,\"name\":\"Intelligence \u00e9conomique\",\"item\":\"https:\\\/\\\/academypedia.info\\\/fr\\\/categorie-produit\\\/veille-technologique\\\/intelligence-economique\\\/\"},{\"@type\":\"ListItem\",\"position\":5,\"name\":\"Veille Technologique &#038; Cybers\u00e9curit\u00e9 , Tasse de Caf\u00e9 Design Geek\"}]},{\"@type\":\"WebSite\",\"@id\":\"https:\\\/\\\/academypedia.info\\\/fr\\\/#website\",\"url\":\"https:\\\/\\\/academypedia.info\\\/fr\\\/\",\"name\":\"Academypedia\",\"description\":\"TIC, Intelligence technologique, Innovation et Intelligence \u00e9conomique\",\"publisher\":{\"@id\":\"https:\\\/\\\/academypedia.info\\\/fr\\\/#organization\"},\"potentialAction\":[{\"@type\":\"SearchAction\",\"target\":{\"@type\":\"EntryPoint\",\"urlTemplate\":\"https:\\\/\\\/academypedia.info\\\/fr\\\/?s={search_term_string}\"},\"query-input\":{\"@type\":\"PropertyValueSpecification\",\"valueRequired\":true,\"valueName\":\"search_term_string\"}}],\"inLanguage\":\"fr-FR\"},{\"@type\":\"Organization\",\"@id\":\"https:\\\/\\\/academypedia.info\\\/fr\\\/#organization\",\"name\":\"Academypedia.info - Cr\u00e9\u00e9 par David Donisa\",\"url\":\"https:\\\/\\\/academypedia.info\\\/fr\\\/\",\"logo\":{\"@type\":\"ImageObject\",\"inLanguage\":\"fr-FR\",\"@id\":\"https:\\\/\\\/academypedia.info\\\/fr\\\/#\\\/schema\\\/logo\\\/image\\\/\",\"url\":\"https:\\\/\\\/academypedia.info\\\/fr\\\/wp-content\\\/uploads\\\/2021\\\/04\\\/puzzle-977236_1280.png\",\"contentUrl\":\"https:\\\/\\\/academypedia.info\\\/fr\\\/wp-content\\\/uploads\\\/2021\\\/04\\\/puzzle-977236_1280.png\",\"width\":1280,\"height\":908,\"caption\":\"Academypedia.info - Cr\u00e9\u00e9 par David Donisa\"},\"image\":{\"@id\":\"https:\\\/\\\/academypedia.info\\\/fr\\\/#\\\/schema\\\/logo\\\/image\\\/\"}}]}<\/script>\n<!-- \/ Yoast SEO plugin. -->","yoast_head_json":{"title":"Tasse de Caf\u00e9 \"Veille Technologique & Cybers\u00e9curit\u00e9\" pour caf\u00e9 gourmand","description":"Envie de boissons non alcoolis\u00e9es ? Pourquoi pas un caf\u00e9 ? Servez-vous un caf\u00e9 gourmand dans cette tasse de caf\u00e9 en c\u00e9ramique !","robots":{"index":"index","follow":"follow","max-snippet":"max-snippet:-1","max-image-preview":"max-image-preview:large","max-video-preview":"max-video-preview:-1"},"canonical":"https:\/\/academypedia.info\/fr\/produit\/tasse-de-cafe-veille-technologique-cybersecurite-pour-cafe-gourmand\/","og_locale":"fr_FR","og_type":"article","og_title":"Tasse de Caf\u00e9 \"Veille Technologique & Cybers\u00e9curit\u00e9\" pour caf\u00e9 gourmand","og_description":"Envie de boissons non alcoolis\u00e9es ? Pourquoi pas un caf\u00e9 ? Servez-vous un caf\u00e9 gourmand dans cette tasse de caf\u00e9 en c\u00e9ramique !","og_url":"https:\/\/academypedia.info\/fr\/produit\/tasse-de-cafe-veille-technologique-cybersecurite-pour-cafe-gourmand\/","og_site_name":"Academypedia","article_modified_time":"2020-04-05T01:40:49+00:00","og_image":[{"width":1000,"height":1000,"url":"https:\/\/academypedia.info\/fr\/wp-content\/uploads\/2020\/04\/mockup-3f9b5b8d.jpg","type":"image\/jpeg"}],"twitter_card":"summary_large_image","schema":{"@context":"https:\/\/schema.org","@graph":[{"@type":"WebPage","@id":"https:\/\/academypedia.info\/fr\/produit\/tasse-de-cafe-veille-technologique-cybersecurite-pour-cafe-gourmand\/","url":"https:\/\/academypedia.info\/fr\/produit\/tasse-de-cafe-veille-technologique-cybersecurite-pour-cafe-gourmand\/","name":"Tasse de Caf\u00e9 \"Veille Technologique & Cybers\u00e9curit\u00e9\" pour caf\u00e9 gourmand","isPartOf":{"@id":"https:\/\/academypedia.info\/fr\/#website"},"primaryImageOfPage":{"@id":"https:\/\/academypedia.info\/fr\/produit\/tasse-de-cafe-veille-technologique-cybersecurite-pour-cafe-gourmand\/#primaryimage"},"image":{"@id":"https:\/\/academypedia.info\/fr\/produit\/tasse-de-cafe-veille-technologique-cybersecurite-pour-cafe-gourmand\/#primaryimage"},"thumbnailUrl":"https:\/\/academypedia.info\/fr\/wp-content\/uploads\/2020\/04\/mockup-3f9b5b8d.jpg","datePublished":"2020-04-04T22:10:55+00:00","dateModified":"2020-04-05T01:40:49+00:00","description":"Envie de boissons non alcoolis\u00e9es ? Pourquoi pas un caf\u00e9 ? Servez-vous un caf\u00e9 gourmand dans cette tasse de caf\u00e9 en c\u00e9ramique !","breadcrumb":{"@id":"https:\/\/academypedia.info\/fr\/produit\/tasse-de-cafe-veille-technologique-cybersecurite-pour-cafe-gourmand\/#breadcrumb"},"inLanguage":"fr-FR","potentialAction":[{"@type":"ReadAction","target":["https:\/\/academypedia.info\/fr\/produit\/tasse-de-cafe-veille-technologique-cybersecurite-pour-cafe-gourmand\/"]}]},{"@type":"ImageObject","inLanguage":"fr-FR","@id":"https:\/\/academypedia.info\/fr\/produit\/tasse-de-cafe-veille-technologique-cybersecurite-pour-cafe-gourmand\/#primaryimage","url":"https:\/\/academypedia.info\/fr\/wp-content\/uploads\/2020\/04\/mockup-3f9b5b8d.jpg","contentUrl":"https:\/\/academypedia.info\/fr\/wp-content\/uploads\/2020\/04\/mockup-3f9b5b8d.jpg","width":1000,"height":1000},{"@type":"BreadcrumbList","@id":"https:\/\/academypedia.info\/fr\/produit\/tasse-de-cafe-veille-technologique-cybersecurite-pour-cafe-gourmand\/#breadcrumb","itemListElement":[{"@type":"ListItem","position":1,"name":"\u00a0 Page d'accueil","item":"https:\/\/academypedia.info\/fr\/"},{"@type":"ListItem","position":2,"name":"Cadeaux Originaux pour Sp\u00e9cialistes en TIC et Intelligence Technologique","item":"https:\/\/academypedia.info\/fr\/cadeaux-originaux-pour-specialistes-en-tic-et-intelligence-technologique\/"},{"@type":"ListItem","position":3,"name":"Veille technologique","item":"https:\/\/academypedia.info\/fr\/categorie-produit\/veille-technologique\/"},{"@type":"ListItem","position":4,"name":"Intelligence \u00e9conomique","item":"https:\/\/academypedia.info\/fr\/categorie-produit\/veille-technologique\/intelligence-economique\/"},{"@type":"ListItem","position":5,"name":"Veille Technologique &#038; Cybers\u00e9curit\u00e9 , Tasse de Caf\u00e9 Design Geek"}]},{"@type":"WebSite","@id":"https:\/\/academypedia.info\/fr\/#website","url":"https:\/\/academypedia.info\/fr\/","name":"Academypedia","description":"TIC, Intelligence technologique, Innovation et Intelligence \u00e9conomique","publisher":{"@id":"https:\/\/academypedia.info\/fr\/#organization"},"potentialAction":[{"@type":"SearchAction","target":{"@type":"EntryPoint","urlTemplate":"https:\/\/academypedia.info\/fr\/?s={search_term_string}"},"query-input":{"@type":"PropertyValueSpecification","valueRequired":true,"valueName":"search_term_string"}}],"inLanguage":"fr-FR"},{"@type":"Organization","@id":"https:\/\/academypedia.info\/fr\/#organization","name":"Academypedia.info - Cr\u00e9\u00e9 par David Donisa","url":"https:\/\/academypedia.info\/fr\/","logo":{"@type":"ImageObject","inLanguage":"fr-FR","@id":"https:\/\/academypedia.info\/fr\/#\/schema\/logo\/image\/","url":"https:\/\/academypedia.info\/fr\/wp-content\/uploads\/2021\/04\/puzzle-977236_1280.png","contentUrl":"https:\/\/academypedia.info\/fr\/wp-content\/uploads\/2021\/04\/puzzle-977236_1280.png","width":1280,"height":908,"caption":"Academypedia.info - Cr\u00e9\u00e9 par David Donisa"},"image":{"@id":"https:\/\/academypedia.info\/fr\/#\/schema\/logo\/image\/"}}]}},"_links":{"self":[{"href":"https:\/\/academypedia.info\/fr\/wp-json\/wp\/v2\/product\/1360","targetHints":{"allow":["GET"]}}],"collection":[{"href":"https:\/\/academypedia.info\/fr\/wp-json\/wp\/v2\/product"}],"about":[{"href":"https:\/\/academypedia.info\/fr\/wp-json\/wp\/v2\/types\/product"}],"replies":[{"embeddable":true,"href":"https:\/\/academypedia.info\/fr\/wp-json\/wp\/v2\/comments?post=1360"}],"wp:featuredmedia":[{"embeddable":true,"href":"https:\/\/academypedia.info\/fr\/wp-json\/wp\/v2\/media\/1363"}],"wp:attachment":[{"href":"https:\/\/academypedia.info\/fr\/wp-json\/wp\/v2\/media?parent=1360"}],"wp:term":[{"taxonomy":"product_brand","embeddable":true,"href":"https:\/\/academypedia.info\/fr\/wp-json\/wp\/v2\/product_brand?post=1360"},{"taxonomy":"product_cat","embeddable":true,"href":"https:\/\/academypedia.info\/fr\/wp-json\/wp\/v2\/product_cat?post=1360"},{"taxonomy":"product_tag","embeddable":true,"href":"https:\/\/academypedia.info\/fr\/wp-json\/wp\/v2\/product_tag?post=1360"}],"curies":[{"name":"wp","href":"https:\/\/api.w.org\/{rel}","templated":true}]}}