{"id":979,"date":"2020-04-04T22:00:53","date_gmt":"2020-04-04T20:00:53","guid":{"rendered":"https:\/\/academypedia.info\/fr\/produit\/tasse-de-cafe-machine-numerique-ia-dun-ton-brillant-2\/"},"modified":"2020-04-05T01:54:00","modified_gmt":"2020-04-04T23:54:00","slug":"tasse-de-cafe-design-machine-numerique-de-l-ia-mug-design","status":"publish","type":"product","link":"https:\/\/academypedia.info\/fr\/produit\/tasse-de-cafe-design-machine-numerique-de-l-ia-mug-design\/","title":{"rendered":"Tasse de Caf\u00e9 Design &#8211; Machine Num\u00e9rique de l\u2019IA &#8211; Mug Design"},"content":{"rendered":"\n\n<div class=\"kk-star-ratings kksr-auto kksr-align-left kksr-valign-top\"\n    data-payload='{&quot;align&quot;:&quot;left&quot;,&quot;id&quot;:&quot;979&quot;,&quot;slug&quot;:&quot;default&quot;,&quot;valign&quot;:&quot;top&quot;,&quot;ignore&quot;:&quot;&quot;,&quot;reference&quot;:&quot;auto&quot;,&quot;class&quot;:&quot;&quot;,&quot;count&quot;:&quot;0&quot;,&quot;legendonly&quot;:&quot;&quot;,&quot;readonly&quot;:&quot;&quot;,&quot;score&quot;:&quot;0&quot;,&quot;starsonly&quot;:&quot;&quot;,&quot;best&quot;:&quot;5&quot;,&quot;gap&quot;:&quot;5&quot;,&quot;greet&quot;:&quot;Rate this product&quot;,&quot;legend&quot;:&quot;0\\\/5 - (0 vote)&quot;,&quot;size&quot;:&quot;24&quot;,&quot;title&quot;:&quot;Tasse de Caf\u00e9 Design - Machine Num\u00e9rique de l\u2019IA - Mug Design&quot;,&quot;width&quot;:&quot;0&quot;,&quot;_legend&quot;:&quot;{score}\\\/{best} - ({count} {votes})&quot;,&quot;font_factor&quot;:&quot;1.25&quot;}'>\n            \n<div class=\"kksr-stars\">\n    \n<div class=\"kksr-stars-inactive\">\n            <div class=\"kksr-star\" data-star=\"1\" style=\"padding-right: 5px\">\n            \n\n<div class=\"kksr-icon\" style=\"width: 24px; height: 24px;\"><\/div>\n        <\/div>\n            <div class=\"kksr-star\" data-star=\"2\" style=\"padding-right: 5px\">\n            \n\n<div class=\"kksr-icon\" style=\"width: 24px; height: 24px;\"><\/div>\n        <\/div>\n            <div class=\"kksr-star\" data-star=\"3\" style=\"padding-right: 5px\">\n            \n\n<div class=\"kksr-icon\" style=\"width: 24px; height: 24px;\"><\/div>\n        <\/div>\n            <div class=\"kksr-star\" data-star=\"4\" style=\"padding-right: 5px\">\n            \n\n<div class=\"kksr-icon\" style=\"width: 24px; height: 24px;\"><\/div>\n        <\/div>\n            <div class=\"kksr-star\" data-star=\"5\" style=\"padding-right: 5px\">\n            \n\n<div class=\"kksr-icon\" style=\"width: 24px; height: 24px;\"><\/div>\n        <\/div>\n    <\/div>\n    \n<div class=\"kksr-stars-active\" style=\"width: 0px;\">\n            <div class=\"kksr-star\" style=\"padding-right: 5px\">\n            \n\n<div class=\"kksr-icon\" style=\"width: 24px; height: 24px;\"><\/div>\n        <\/div>\n            <div class=\"kksr-star\" style=\"padding-right: 5px\">\n            \n\n<div class=\"kksr-icon\" style=\"width: 24px; height: 24px;\"><\/div>\n        <\/div>\n            <div class=\"kksr-star\" style=\"padding-right: 5px\">\n            \n\n<div class=\"kksr-icon\" style=\"width: 24px; height: 24px;\"><\/div>\n        <\/div>\n            <div class=\"kksr-star\" style=\"padding-right: 5px\">\n            \n\n<div class=\"kksr-icon\" style=\"width: 24px; height: 24px;\"><\/div>\n        <\/div>\n            <div class=\"kksr-star\" style=\"padding-right: 5px\">\n            \n\n<div class=\"kksr-icon\" style=\"width: 24px; height: 24px;\"><\/div>\n        <\/div>\n    <\/div>\n<\/div>\n                \n\n<div class=\"kksr-legend\" style=\"font-size: 19.2px;\">\n            <span class=\"kksr-muted\">Rate this product<\/span>\n    <\/div>\n    <\/div>\n<p>Tasse de caf\u00e9 design (Mug design , en anglais) dont le motif met en avant le Machine Learning (Machine num\u00e9rique) , une des techniques de l\u2019IA<\/p>\n<!-- relpost-thumb-wrapper --><div class=\"relpost-thumb-wrapper\"><!-- filter-class --><div class=\"relpost-thumb-container\"><style>.relpost-block-single-image, .relpost-post-image { margin-bottom: 10px; }<\/style><h3>Related posts:<\/h3><div style=\"clear: both\"><\/div><div style=\"clear: both\"><\/div><!-- relpost-block-container --><div class=\"relpost-block-container relpost-block-column-layout\" style=\"--relposth-columns: 3;--relposth-columns_t: 2; --relposth-columns_m: 2\"><a href=\"https:\/\/academypedia.info\/fr\/produit\/tasse-de-cafe-veille-technologique-cybersecurite-pour-cafe-gourmand\/\"class=\"relpost-block-single\" ><div class=\"relpost-custom-block-single\"><div class=\"relpost-block-single-image rpt-lazyload\" aria-hidden=\"true\" role=\"img\" data-bg=\"https:\/\/academypedia.info\/fr\/wp-content\/uploads\/2020\/04\/mockup-3f9b5b8d-300x300.jpg\" style=\"background: transparent no-repeat scroll 0% 0%; width: 300px; height: 300px; aspect-ratio: 1\/1;\"><\/div><div class=\"relpost-block-single-text\"  style=\"height: 75px;font-family: Arial;  font-size: 12px;  color: #333333;\"><h2 class=\"relpost_card_title\">Veille Technologique &amp; Cybers\u00e9curit\u00e9 , Tasse de Caf\u00e9 Design Geek<\/h2><\/div><\/div><\/a><a href=\"https:\/\/academypedia.info\/fr\/produit\/ia-pour-interaction-homme-machine-ihm-t-shirt-geek-unisex\/\"class=\"relpost-block-single\" ><div class=\"relpost-custom-block-single\"><div class=\"relpost-block-single-image rpt-lazyload\" aria-hidden=\"true\" role=\"img\" data-bg=\"https:\/\/academypedia.info\/fr\/wp-content\/uploads\/2020\/01\/mockup-82dc2735-300x300.jpg\" style=\"background: transparent no-repeat scroll 0% 0%; width: 300px; height: 300px; aspect-ratio: 1\/1;\"><\/div><div class=\"relpost-block-single-text\"  style=\"height: 75px;font-family: Arial;  font-size: 12px;  color: #333333;\"><h2 class=\"relpost_card_title\">IA pour Interaction Homme-Machine ( IHM ) , T-Shirt Geek Unisex<\/h2><\/div><\/div><\/a><a href=\"https:\/\/academypedia.info\/fr\/produit\/tasse-de-cafe-design-la-face-obscure-de-la-technologie-mug-design\/\"class=\"relpost-block-single\" ><div class=\"relpost-custom-block-single\"><div class=\"relpost-block-single-image rpt-lazyload\" aria-hidden=\"true\" role=\"img\" data-bg=\"https:\/\/academypedia.info\/fr\/wp-content\/uploads\/2020\/01\/mockup-32634fa4-300x300.jpg\" style=\"background: transparent no-repeat scroll 0% 0%; width: 300px; height: 300px; aspect-ratio: 1\/1;\"><\/div><div class=\"relpost-block-single-text\"  style=\"height: 75px;font-family: Arial;  font-size: 12px;  color: #333333;\"><h2 class=\"relpost_card_title\">Tasse de Caf\u00e9 Design - La Face Obscure de la Technologie - Mug Design<\/h2><\/div><\/div><\/a><a href=\"https:\/\/academypedia.info\/fr\/produit\/automatisation-des-reseaux-sociaux-par-l-ia-tasse-de-cafe-design-mug\/\"class=\"relpost-block-single\" ><div class=\"relpost-custom-block-single\"><div class=\"relpost-block-single-image rpt-lazyload\" aria-hidden=\"true\" role=\"img\" data-bg=\"https:\/\/academypedia.info\/fr\/wp-content\/uploads\/2020\/03\/mockup-a7c74c2d-300x300.jpg\" style=\"background: transparent no-repeat scroll 0% 0%; width: 300px; height: 300px; aspect-ratio: 1\/1;\"><\/div><div class=\"relpost-block-single-text\"  style=\"height: 75px;font-family: Arial;  font-size: 12px;  color: #333333;\"><h2 class=\"relpost_card_title\">Automatisation des R\u00e9seaux Sociaux par l\u2019IA , Tasse de Caf\u00e9 Design , Mug<\/h2><\/div><\/div><\/a><a href=\"https:\/\/academypedia.info\/fr\/produit\/tasse-de-cafe-design-ia-logique-floue-mug-design\/\"class=\"relpost-block-single\" ><div class=\"relpost-custom-block-single\"><div class=\"relpost-block-single-image rpt-lazyload\" aria-hidden=\"true\" role=\"img\" data-bg=\"https:\/\/academypedia.info\/fr\/wp-content\/uploads\/2020\/01\/mockup-feb5d8d9-300x300.jpg\" style=\"background: transparent no-repeat scroll 0% 0%; width: 300px; height: 300px; aspect-ratio: 1\/1;\"><\/div><div class=\"relpost-block-single-text\"  style=\"height: 75px;font-family: Arial;  font-size: 12px;  color: #333333;\"><h2 class=\"relpost_card_title\">Tasse de Caf\u00e9 Design - IA Logique Floue - Mug Design<\/h2><\/div><\/div><\/a><a href=\"https:\/\/academypedia.info\/fr\/produit\/tasse-a-cafe-decorative-veille-technologique-pour-pause-cafe\/\"class=\"relpost-block-single\" ><div class=\"relpost-custom-block-single\"><div class=\"relpost-block-single-image rpt-lazyload\" aria-hidden=\"true\" role=\"img\" data-bg=\"https:\/\/academypedia.info\/fr\/wp-content\/uploads\/2020\/04\/mockup-b531aaa1-300x300.jpg\" style=\"background: transparent no-repeat scroll 0% 0%; width: 300px; height: 300px; aspect-ratio: 1\/1;\"><\/div><div class=\"relpost-block-single-text\"  style=\"height: 75px;font-family: Arial;  font-size: 12px;  color: #333333;\"><h2 class=\"relpost_card_title\">Tasse \u00e0 Caf\u00e9 D\u00e9corative &quot;Veille Technologique&quot; pour Pause Caf\u00e9<\/h2><\/div><\/div><\/a><\/div><!-- close relpost-block-container --><div style=\"clear: both\"><\/div><\/div><!-- close filter class --><\/div><!-- close relpost-thumb-wrapper -->","protected":false},"excerpt":{"rendered":"<p>Tasse de caf\u00e9 design (Mug design , en anglais) dont le motif met en avant le Machine Learning (Machine num\u00e9rique) , une des techniques de l\u2019IA Related posts:Geek Mug \u201cD\u00e9finition Deep Learning\u201d, Mug \u00e0 Caf\u00e9 avec Logo Ai , Id\u00e9e de Cadeau id\u00e9aleAutomatisation des R\u00e9seaux Sociaux par l\u2019IA , Tasse de Caf\u00e9 Design , MugTasse [&hellip;]<\/p>\n","protected":false},"featured_media":983,"comment_status":"open","ping_status":"closed","template":"","meta":[],"product_brand":[],"product_cat":[48,49],"product_tag":[53,52,54,55,50,51],"class_list":{"0":"post-979","1":"product","2":"type-product","3":"status-publish","4":"has-post-thumbnail","6":"product_cat-informatique","7":"product_cat-intelligence-artificielle","8":"product_tag-collection-de-tasses-de-cafe-revetues-d-une-surface-brillante","9":"product_tag-collection-de-tasses-de-cafe-design-en-ceramique","10":"product_tag-collection-de-tasses-de-cafe-compatibles-au-lave-vaisselle","11":"product_tag-collection-de-tasses-de-cafe-compatibles-micro-ondes","12":"product_tag-tasses-avec-dessin-lie-au-numerique-tic-a-l-informatique-et-a-la-veille","13":"product_tag-tasses-de-cafe-design-dediees-aux-tic-et-a-la-veille-technologique","15":"first","16":"instock","17":"taxable","18":"shipping-taxable","19":"purchasable","20":"product-type-variable","21":"has-default-attributes"},"yoast_head":"<!-- This site is optimized with the Yoast SEO plugin v27.4 - https:\/\/yoast.com\/product\/yoast-seo-wordpress\/ -->\n<title>Tasse de Caf\u00e9 Design - Machine Num\u00e9rique de l\u2019IA - Mug Design<\/title>\n<meta name=\"description\" content=\"Tasse de caf\u00e9 design (Mug design , en anglais) dont le motif met en avant le Machine Learning (Machine num\u00e9rique) , une des techniques de l\u2019IA\" \/>\n<meta name=\"robots\" content=\"index, follow, max-snippet:-1, max-image-preview:large, max-video-preview:-1\" \/>\n<link rel=\"canonical\" href=\"https:\/\/academypedia.info\/fr\/produit\/tasse-de-cafe-design-machine-numerique-de-l-ia-mug-design\/\" \/>\n<meta property=\"og:locale\" content=\"fr_FR\" \/>\n<meta property=\"og:type\" content=\"article\" \/>\n<meta property=\"og:title\" content=\"Tasse de Caf\u00e9 Design - Machine Num\u00e9rique de l\u2019IA - Mug Design\" \/>\n<meta property=\"og:description\" content=\"Tasse de caf\u00e9 design (Mug design , en anglais) dont le motif met en avant le Machine Learning (Machine num\u00e9rique) , une des techniques de l\u2019IA\" \/>\n<meta property=\"og:url\" content=\"https:\/\/academypedia.info\/fr\/produit\/tasse-de-cafe-design-machine-numerique-de-l-ia-mug-design\/\" \/>\n<meta property=\"og:site_name\" content=\"Academypedia\" \/>\n<meta property=\"article:modified_time\" content=\"2020-04-04T23:54:00+00:00\" \/>\n<meta property=\"og:image\" content=\"https:\/\/academypedia.info\/fr\/wp-content\/uploads\/2020\/01\/mockup-afe58001.jpg\" \/>\n\t<meta property=\"og:image:width\" content=\"1000\" \/>\n\t<meta property=\"og:image:height\" content=\"1000\" \/>\n\t<meta property=\"og:image:type\" content=\"image\/jpeg\" \/>\n<meta name=\"twitter:card\" content=\"summary_large_image\" \/>\n<script type=\"application\/ld+json\" class=\"yoast-schema-graph\">{\"@context\":\"https:\\\/\\\/schema.org\",\"@graph\":[{\"@type\":\"WebPage\",\"@id\":\"https:\\\/\\\/academypedia.info\\\/fr\\\/produit\\\/tasse-de-cafe-design-machine-numerique-de-l-ia-mug-design\\\/\",\"url\":\"https:\\\/\\\/academypedia.info\\\/fr\\\/produit\\\/tasse-de-cafe-design-machine-numerique-de-l-ia-mug-design\\\/\",\"name\":\"Tasse de Caf\u00e9 Design - Machine Num\u00e9rique de l\u2019IA - Mug Design\",\"isPartOf\":{\"@id\":\"https:\\\/\\\/academypedia.info\\\/fr\\\/#website\"},\"primaryImageOfPage\":{\"@id\":\"https:\\\/\\\/academypedia.info\\\/fr\\\/produit\\\/tasse-de-cafe-design-machine-numerique-de-l-ia-mug-design\\\/#primaryimage\"},\"image\":{\"@id\":\"https:\\\/\\\/academypedia.info\\\/fr\\\/produit\\\/tasse-de-cafe-design-machine-numerique-de-l-ia-mug-design\\\/#primaryimage\"},\"thumbnailUrl\":\"https:\\\/\\\/academypedia.info\\\/fr\\\/wp-content\\\/uploads\\\/2020\\\/01\\\/mockup-afe58001.jpg\",\"datePublished\":\"2020-04-04T20:00:53+00:00\",\"dateModified\":\"2020-04-04T23:54:00+00:00\",\"description\":\"Tasse de caf\u00e9 design (Mug design , en anglais) dont le motif met en avant le Machine Learning (Machine num\u00e9rique) , une des techniques de l\u2019IA\",\"breadcrumb\":{\"@id\":\"https:\\\/\\\/academypedia.info\\\/fr\\\/produit\\\/tasse-de-cafe-design-machine-numerique-de-l-ia-mug-design\\\/#breadcrumb\"},\"inLanguage\":\"fr-FR\",\"potentialAction\":[{\"@type\":\"ReadAction\",\"target\":[\"https:\\\/\\\/academypedia.info\\\/fr\\\/produit\\\/tasse-de-cafe-design-machine-numerique-de-l-ia-mug-design\\\/\"]}]},{\"@type\":\"ImageObject\",\"inLanguage\":\"fr-FR\",\"@id\":\"https:\\\/\\\/academypedia.info\\\/fr\\\/produit\\\/tasse-de-cafe-design-machine-numerique-de-l-ia-mug-design\\\/#primaryimage\",\"url\":\"https:\\\/\\\/academypedia.info\\\/fr\\\/wp-content\\\/uploads\\\/2020\\\/01\\\/mockup-afe58001.jpg\",\"contentUrl\":\"https:\\\/\\\/academypedia.info\\\/fr\\\/wp-content\\\/uploads\\\/2020\\\/01\\\/mockup-afe58001.jpg\",\"width\":1000,\"height\":1000},{\"@type\":\"BreadcrumbList\",\"@id\":\"https:\\\/\\\/academypedia.info\\\/fr\\\/produit\\\/tasse-de-cafe-design-machine-numerique-de-l-ia-mug-design\\\/#breadcrumb\",\"itemListElement\":[{\"@type\":\"ListItem\",\"position\":1,\"name\":\"\u00a0 Page d'accueil\",\"item\":\"https:\\\/\\\/academypedia.info\\\/fr\\\/\"},{\"@type\":\"ListItem\",\"position\":2,\"name\":\"Cadeaux Originaux pour Sp\u00e9cialistes en TIC et Intelligence Technologique\",\"item\":\"https:\\\/\\\/academypedia.info\\\/fr\\\/cadeaux-originaux-pour-specialistes-en-tic-et-intelligence-technologique\\\/\"},{\"@type\":\"ListItem\",\"position\":3,\"name\":\"Informatique\",\"item\":\"https:\\\/\\\/academypedia.info\\\/fr\\\/categorie-produit\\\/informatique\\\/\"},{\"@type\":\"ListItem\",\"position\":4,\"name\":\"Intelligence Artificielle\",\"item\":\"https:\\\/\\\/academypedia.info\\\/fr\\\/categorie-produit\\\/informatique\\\/intelligence-artificielle\\\/\"},{\"@type\":\"ListItem\",\"position\":5,\"name\":\"Tasse de Caf\u00e9 Design &#8211; Machine Num\u00e9rique de l\u2019IA &#8211; Mug Design\"}]},{\"@type\":\"WebSite\",\"@id\":\"https:\\\/\\\/academypedia.info\\\/fr\\\/#website\",\"url\":\"https:\\\/\\\/academypedia.info\\\/fr\\\/\",\"name\":\"Academypedia\",\"description\":\"TIC, Intelligence technologique, Innovation et Intelligence \u00e9conomique\",\"publisher\":{\"@id\":\"https:\\\/\\\/academypedia.info\\\/fr\\\/#organization\"},\"potentialAction\":[{\"@type\":\"SearchAction\",\"target\":{\"@type\":\"EntryPoint\",\"urlTemplate\":\"https:\\\/\\\/academypedia.info\\\/fr\\\/?s={search_term_string}\"},\"query-input\":{\"@type\":\"PropertyValueSpecification\",\"valueRequired\":true,\"valueName\":\"search_term_string\"}}],\"inLanguage\":\"fr-FR\"},{\"@type\":\"Organization\",\"@id\":\"https:\\\/\\\/academypedia.info\\\/fr\\\/#organization\",\"name\":\"Academypedia.info - Cr\u00e9\u00e9 par David Donisa\",\"url\":\"https:\\\/\\\/academypedia.info\\\/fr\\\/\",\"logo\":{\"@type\":\"ImageObject\",\"inLanguage\":\"fr-FR\",\"@id\":\"https:\\\/\\\/academypedia.info\\\/fr\\\/#\\\/schema\\\/logo\\\/image\\\/\",\"url\":\"https:\\\/\\\/academypedia.info\\\/fr\\\/wp-content\\\/uploads\\\/2021\\\/04\\\/puzzle-977236_1280.png\",\"contentUrl\":\"https:\\\/\\\/academypedia.info\\\/fr\\\/wp-content\\\/uploads\\\/2021\\\/04\\\/puzzle-977236_1280.png\",\"width\":1280,\"height\":908,\"caption\":\"Academypedia.info - Cr\u00e9\u00e9 par David Donisa\"},\"image\":{\"@id\":\"https:\\\/\\\/academypedia.info\\\/fr\\\/#\\\/schema\\\/logo\\\/image\\\/\"}}]}<\/script>\n<!-- \/ Yoast SEO plugin. -->","yoast_head_json":{"title":"Tasse de Caf\u00e9 Design - Machine Num\u00e9rique de l\u2019IA - Mug Design","description":"Tasse de caf\u00e9 design (Mug design , en anglais) dont le motif met en avant le Machine Learning (Machine num\u00e9rique) , une des techniques de l\u2019IA","robots":{"index":"index","follow":"follow","max-snippet":"max-snippet:-1","max-image-preview":"max-image-preview:large","max-video-preview":"max-video-preview:-1"},"canonical":"https:\/\/academypedia.info\/fr\/produit\/tasse-de-cafe-design-machine-numerique-de-l-ia-mug-design\/","og_locale":"fr_FR","og_type":"article","og_title":"Tasse de Caf\u00e9 Design - Machine Num\u00e9rique de l\u2019IA - Mug Design","og_description":"Tasse de caf\u00e9 design (Mug design , en anglais) dont le motif met en avant le Machine Learning (Machine num\u00e9rique) , une des techniques de l\u2019IA","og_url":"https:\/\/academypedia.info\/fr\/produit\/tasse-de-cafe-design-machine-numerique-de-l-ia-mug-design\/","og_site_name":"Academypedia","article_modified_time":"2020-04-04T23:54:00+00:00","og_image":[{"width":1000,"height":1000,"url":"https:\/\/academypedia.info\/fr\/wp-content\/uploads\/2020\/01\/mockup-afe58001.jpg","type":"image\/jpeg"}],"twitter_card":"summary_large_image","schema":{"@context":"https:\/\/schema.org","@graph":[{"@type":"WebPage","@id":"https:\/\/academypedia.info\/fr\/produit\/tasse-de-cafe-design-machine-numerique-de-l-ia-mug-design\/","url":"https:\/\/academypedia.info\/fr\/produit\/tasse-de-cafe-design-machine-numerique-de-l-ia-mug-design\/","name":"Tasse de Caf\u00e9 Design - Machine Num\u00e9rique de l\u2019IA - Mug Design","isPartOf":{"@id":"https:\/\/academypedia.info\/fr\/#website"},"primaryImageOfPage":{"@id":"https:\/\/academypedia.info\/fr\/produit\/tasse-de-cafe-design-machine-numerique-de-l-ia-mug-design\/#primaryimage"},"image":{"@id":"https:\/\/academypedia.info\/fr\/produit\/tasse-de-cafe-design-machine-numerique-de-l-ia-mug-design\/#primaryimage"},"thumbnailUrl":"https:\/\/academypedia.info\/fr\/wp-content\/uploads\/2020\/01\/mockup-afe58001.jpg","datePublished":"2020-04-04T20:00:53+00:00","dateModified":"2020-04-04T23:54:00+00:00","description":"Tasse de caf\u00e9 design (Mug design , en anglais) dont le motif met en avant le Machine Learning (Machine num\u00e9rique) , une des techniques de l\u2019IA","breadcrumb":{"@id":"https:\/\/academypedia.info\/fr\/produit\/tasse-de-cafe-design-machine-numerique-de-l-ia-mug-design\/#breadcrumb"},"inLanguage":"fr-FR","potentialAction":[{"@type":"ReadAction","target":["https:\/\/academypedia.info\/fr\/produit\/tasse-de-cafe-design-machine-numerique-de-l-ia-mug-design\/"]}]},{"@type":"ImageObject","inLanguage":"fr-FR","@id":"https:\/\/academypedia.info\/fr\/produit\/tasse-de-cafe-design-machine-numerique-de-l-ia-mug-design\/#primaryimage","url":"https:\/\/academypedia.info\/fr\/wp-content\/uploads\/2020\/01\/mockup-afe58001.jpg","contentUrl":"https:\/\/academypedia.info\/fr\/wp-content\/uploads\/2020\/01\/mockup-afe58001.jpg","width":1000,"height":1000},{"@type":"BreadcrumbList","@id":"https:\/\/academypedia.info\/fr\/produit\/tasse-de-cafe-design-machine-numerique-de-l-ia-mug-design\/#breadcrumb","itemListElement":[{"@type":"ListItem","position":1,"name":"\u00a0 Page d'accueil","item":"https:\/\/academypedia.info\/fr\/"},{"@type":"ListItem","position":2,"name":"Cadeaux Originaux pour Sp\u00e9cialistes en TIC et Intelligence Technologique","item":"https:\/\/academypedia.info\/fr\/cadeaux-originaux-pour-specialistes-en-tic-et-intelligence-technologique\/"},{"@type":"ListItem","position":3,"name":"Informatique","item":"https:\/\/academypedia.info\/fr\/categorie-produit\/informatique\/"},{"@type":"ListItem","position":4,"name":"Intelligence Artificielle","item":"https:\/\/academypedia.info\/fr\/categorie-produit\/informatique\/intelligence-artificielle\/"},{"@type":"ListItem","position":5,"name":"Tasse de Caf\u00e9 Design &#8211; Machine Num\u00e9rique de l\u2019IA &#8211; Mug Design"}]},{"@type":"WebSite","@id":"https:\/\/academypedia.info\/fr\/#website","url":"https:\/\/academypedia.info\/fr\/","name":"Academypedia","description":"TIC, Intelligence technologique, Innovation et Intelligence \u00e9conomique","publisher":{"@id":"https:\/\/academypedia.info\/fr\/#organization"},"potentialAction":[{"@type":"SearchAction","target":{"@type":"EntryPoint","urlTemplate":"https:\/\/academypedia.info\/fr\/?s={search_term_string}"},"query-input":{"@type":"PropertyValueSpecification","valueRequired":true,"valueName":"search_term_string"}}],"inLanguage":"fr-FR"},{"@type":"Organization","@id":"https:\/\/academypedia.info\/fr\/#organization","name":"Academypedia.info - Cr\u00e9\u00e9 par David Donisa","url":"https:\/\/academypedia.info\/fr\/","logo":{"@type":"ImageObject","inLanguage":"fr-FR","@id":"https:\/\/academypedia.info\/fr\/#\/schema\/logo\/image\/","url":"https:\/\/academypedia.info\/fr\/wp-content\/uploads\/2021\/04\/puzzle-977236_1280.png","contentUrl":"https:\/\/academypedia.info\/fr\/wp-content\/uploads\/2021\/04\/puzzle-977236_1280.png","width":1280,"height":908,"caption":"Academypedia.info - Cr\u00e9\u00e9 par David Donisa"},"image":{"@id":"https:\/\/academypedia.info\/fr\/#\/schema\/logo\/image\/"}}]}},"_links":{"self":[{"href":"https:\/\/academypedia.info\/fr\/wp-json\/wp\/v2\/product\/979","targetHints":{"allow":["GET"]}}],"collection":[{"href":"https:\/\/academypedia.info\/fr\/wp-json\/wp\/v2\/product"}],"about":[{"href":"https:\/\/academypedia.info\/fr\/wp-json\/wp\/v2\/types\/product"}],"replies":[{"embeddable":true,"href":"https:\/\/academypedia.info\/fr\/wp-json\/wp\/v2\/comments?post=979"}],"wp:featuredmedia":[{"embeddable":true,"href":"https:\/\/academypedia.info\/fr\/wp-json\/wp\/v2\/media\/983"}],"wp:attachment":[{"href":"https:\/\/academypedia.info\/fr\/wp-json\/wp\/v2\/media?parent=979"}],"wp:term":[{"taxonomy":"product_brand","embeddable":true,"href":"https:\/\/academypedia.info\/fr\/wp-json\/wp\/v2\/product_brand?post=979"},{"taxonomy":"product_cat","embeddable":true,"href":"https:\/\/academypedia.info\/fr\/wp-json\/wp\/v2\/product_cat?post=979"},{"taxonomy":"product_tag","embeddable":true,"href":"https:\/\/academypedia.info\/fr\/wp-json\/wp\/v2\/product_tag?post=979"}],"curies":[{"name":"wp","href":"https:\/\/api.w.org\/{rel}","templated":true}]}}