{"id":996,"date":"2020-02-25T01:00:39","date_gmt":"2020-02-25T00:00:39","guid":{"rendered":"https:\/\/academypedia.info\/fr\/produit\/tasse-de-cafe-la-face-obscure-de-la-technologie-dun-ton-brillant\/"},"modified":"2020-02-25T12:38:49","modified_gmt":"2020-02-25T11:38:49","slug":"tasse-de-cafe-design-la-face-obscure-de-la-technologie-mug-design","status":"publish","type":"product","link":"https:\/\/academypedia.info\/fr\/produit\/tasse-de-cafe-design-la-face-obscure-de-la-technologie-mug-design\/","title":{"rendered":"Tasse de Caf\u00e9 Design &#8211; La Face Obscure de la Technologie &#8211; Mug Design"},"content":{"rendered":"\n\n<div class=\"kk-star-ratings kksr-auto kksr-align-left kksr-valign-top\"\n    data-payload='{&quot;align&quot;:&quot;left&quot;,&quot;id&quot;:&quot;996&quot;,&quot;slug&quot;:&quot;default&quot;,&quot;valign&quot;:&quot;top&quot;,&quot;ignore&quot;:&quot;&quot;,&quot;reference&quot;:&quot;auto&quot;,&quot;class&quot;:&quot;&quot;,&quot;count&quot;:&quot;0&quot;,&quot;legendonly&quot;:&quot;&quot;,&quot;readonly&quot;:&quot;&quot;,&quot;score&quot;:&quot;0&quot;,&quot;starsonly&quot;:&quot;&quot;,&quot;best&quot;:&quot;5&quot;,&quot;gap&quot;:&quot;5&quot;,&quot;greet&quot;:&quot;Rate this product&quot;,&quot;legend&quot;:&quot;0\\\/5 - (0 vote)&quot;,&quot;size&quot;:&quot;24&quot;,&quot;title&quot;:&quot;Tasse de Caf\u00e9 Design - La Face Obscure de la Technologie - Mug Design&quot;,&quot;width&quot;:&quot;0&quot;,&quot;_legend&quot;:&quot;{score}\\\/{best} - ({count} {votes})&quot;,&quot;font_factor&quot;:&quot;1.25&quot;}'>\n            \n<div class=\"kksr-stars\">\n    \n<div class=\"kksr-stars-inactive\">\n            <div class=\"kksr-star\" data-star=\"1\" style=\"padding-right: 5px\">\n            \n\n<div class=\"kksr-icon\" style=\"width: 24px; height: 24px;\"><\/div>\n        <\/div>\n            <div class=\"kksr-star\" data-star=\"2\" style=\"padding-right: 5px\">\n            \n\n<div class=\"kksr-icon\" style=\"width: 24px; height: 24px;\"><\/div>\n        <\/div>\n            <div class=\"kksr-star\" data-star=\"3\" style=\"padding-right: 5px\">\n            \n\n<div class=\"kksr-icon\" style=\"width: 24px; height: 24px;\"><\/div>\n        <\/div>\n            <div class=\"kksr-star\" data-star=\"4\" style=\"padding-right: 5px\">\n            \n\n<div class=\"kksr-icon\" style=\"width: 24px; height: 24px;\"><\/div>\n        <\/div>\n            <div class=\"kksr-star\" data-star=\"5\" style=\"padding-right: 5px\">\n            \n\n<div class=\"kksr-icon\" style=\"width: 24px; height: 24px;\"><\/div>\n        <\/div>\n    <\/div>\n    \n<div class=\"kksr-stars-active\" style=\"width: 0px;\">\n            <div class=\"kksr-star\" style=\"padding-right: 5px\">\n            \n\n<div class=\"kksr-icon\" style=\"width: 24px; height: 24px;\"><\/div>\n        <\/div>\n            <div class=\"kksr-star\" style=\"padding-right: 5px\">\n            \n\n<div class=\"kksr-icon\" style=\"width: 24px; height: 24px;\"><\/div>\n        <\/div>\n            <div class=\"kksr-star\" style=\"padding-right: 5px\">\n            \n\n<div class=\"kksr-icon\" style=\"width: 24px; height: 24px;\"><\/div>\n        <\/div>\n            <div class=\"kksr-star\" style=\"padding-right: 5px\">\n            \n\n<div class=\"kksr-icon\" style=\"width: 24px; height: 24px;\"><\/div>\n        <\/div>\n            <div class=\"kksr-star\" style=\"padding-right: 5px\">\n            \n\n<div class=\"kksr-icon\" style=\"width: 24px; height: 24px;\"><\/div>\n        <\/div>\n    <\/div>\n<\/div>\n                \n\n<div class=\"kksr-legend\" style=\"font-size: 19.2px;\">\n            <span class=\"kksr-muted\">Rate this product<\/span>\n    <\/div>\n    <\/div>\n<p>La technologie peut \u00eatre vue comme un ensemble de techniques , de comp\u00e9tences ou d\u2019outils con\u00e7us pour rendre le travail de l\u2019Homme plus facile , plus rentable , plus productif .<\/p>\n<p>Malheureusement , mal contr\u00f4l\u00e9e , utilis\u00e9e de fa\u00e7on inappropri\u00e9e , sous ou sur\u00e9valu\u00e9e , elle peut tr\u00e8s vite se retourner contre lui ou entra\u00eener un certain nombre de d\u00e9rives .<\/p>\n<p>En effet , elle peut devenir\u00a0:<\/p>\n<ul>\n<li>une <strong>addiction<\/strong> , si certaines <strong>limites<\/strong> ( dur\u00e9e et fr\u00e9quence d\u2019utilisation , par exemple ) , ne sont pas fix\u00e9es<\/li>\n<li><strong>envahissante<\/strong> , au sens propre ( en terme d\u2019espace d\u2019utilisation , par exemple ) comme au sens figur\u00e9 ( en terme de <strong>vie familiale<\/strong> , notamment )<\/li>\n<li>un <strong>enjeu \u00e9cologique<\/strong> ( Pollution )<\/li>\n<li>un <strong>enjeu \u00e9conomique<\/strong> ( Guerre \u00e9conomique )<\/li>\n<li>un <strong>enjeu politique<\/strong> ( d\u00e9stabilisation politique , espionnage , rapports de forces )<\/li>\n<li>un <strong>enjeu social<\/strong> ( Licenciements ou diminution des embauches , suite au remplacement d\u2019effectifs par des machines )<\/li>\n<\/ul>\n<p>Le motif imprim\u00e9 par sublimation sur cette tasse de caf\u00e9 rappelle clairement ce \u00ab\u00a0<strong>c\u00f4t\u00e9 obscur<\/strong> \u00bb\u00a0 de la Technologie .<\/p>\n<p>On y distingue le profil d\u2019une femme , d\u2019un bleu sombre , presque myst\u00e9rieux .<\/p>\n<p>Ses cheveux se terminent par des circuits \u00e9lectroniques et son front semble \u00eatre br\u00fblant . Comme si , au final , elle \u00e9tait symboliquement en prise avec la Technologie .<\/p>\n<p>Le tout sur un fond noir dans lequel ce visage sombre tente en vain de se cacher .<\/p>\n<p>En buvant tranquillement votre caf\u00e9 , vous r\u00e9fl\u00e9chirez peut-\u00eatre \u00e0 ces d\u00e9rives technologiques potentielles .<\/p>\n<p>En tous les cas , mieux vaut \u00eatre conscient qu\u2019elles existent , n\u2019est-ce pas\u00a0?<\/p>\n<p>Et commencer ainsi la journ\u00e9e du bon pied\u00a0!<\/p>\n<!-- relpost-thumb-wrapper --><div class=\"relpost-thumb-wrapper\"><!-- filter-class --><div class=\"relpost-thumb-container\"><style>.relpost-block-single-image, .relpost-post-image { margin-bottom: 10px; }<\/style><h3>Related posts:<\/h3><div style=\"clear: both\"><\/div><div style=\"clear: both\"><\/div><!-- relpost-block-container --><div class=\"relpost-block-container relpost-block-column-layout\" style=\"--relposth-columns: 3;--relposth-columns_t: 2; --relposth-columns_m: 2\"><a href=\"https:\/\/academypedia.info\/fr\/produit\/tasse-de-cafe-design-domaines-d-application-de-l-ai-mug-design\/\"class=\"relpost-block-single\" ><div class=\"relpost-custom-block-single\"><div class=\"relpost-block-single-image rpt-lazyload\" aria-hidden=\"true\" role=\"img\" data-bg=\"https:\/\/academypedia.info\/fr\/wp-content\/uploads\/2020\/01\/mockup-027c89d1-300x300.jpg\" style=\"background: transparent no-repeat scroll 0% 0%; width: 300px; height: 300px; aspect-ratio: 1\/1;\"><\/div><div class=\"relpost-block-single-text\"  style=\"height: 75px;font-family: Arial;  font-size: 12px;  color: #333333;\"><h2 class=\"relpost_card_title\">Tasse de Caf\u00e9 Design - Domaines d\u2019application de l\u2019IA - Mug Design<\/h2><\/div><\/div><\/a><a href=\"https:\/\/academypedia.info\/fr\/produit\/tasse-de-cafe-design-ia-logique-floue-mug-design\/\"class=\"relpost-block-single\" ><div class=\"relpost-custom-block-single\"><div class=\"relpost-block-single-image rpt-lazyload\" aria-hidden=\"true\" role=\"img\" data-bg=\"https:\/\/academypedia.info\/fr\/wp-content\/uploads\/2020\/01\/mockup-feb5d8d9-300x300.jpg\" style=\"background: transparent no-repeat scroll 0% 0%; width: 300px; height: 300px; aspect-ratio: 1\/1;\"><\/div><div class=\"relpost-block-single-text\"  style=\"height: 75px;font-family: Arial;  font-size: 12px;  color: #333333;\"><h2 class=\"relpost_card_title\">Tasse de Caf\u00e9 Design - IA Logique Floue - Mug Design<\/h2><\/div><\/div><\/a><a href=\"https:\/\/academypedia.info\/fr\/produit\/tasse-de-cafe-avec-decoration-veille-et-robotique-vision\/\"class=\"relpost-block-single\" ><div class=\"relpost-custom-block-single\"><div class=\"relpost-block-single-image rpt-lazyload\" aria-hidden=\"true\" role=\"img\" data-bg=\"https:\/\/academypedia.info\/fr\/wp-content\/uploads\/2022\/05\/white-glossy-mug-15oz-office-environment-628a29de5e193-300x300.jpg\" style=\"background: transparent no-repeat scroll 0% 0%; width: 300px; height: 300px; aspect-ratio: 1\/1;\"><\/div><div class=\"relpost-block-single-text\"  style=\"height: 75px;font-family: Arial;  font-size: 12px;  color: #333333;\"><h2 class=\"relpost_card_title\">Tasse de Caf\u00e9 avec D\u00e9coration \u201cVeille et Robotique ( Vision )\u201d<\/h2><\/div><\/div><\/a><a href=\"https:\/\/academypedia.info\/fr\/produit\/mug-geek-innovation-au-travail-pour-un-chocolat-coulant-fondant\/\"class=\"relpost-block-single\" ><div class=\"relpost-custom-block-single\"><div class=\"relpost-block-single-image rpt-lazyload\" aria-hidden=\"true\" role=\"img\" data-bg=\"https:\/\/academypedia.info\/fr\/wp-content\/uploads\/2022\/05\/white-glossy-mug-15oz-office-environment-62877141569d9-300x300.jpg\" style=\"background: transparent no-repeat scroll 0% 0%; width: 300px; height: 300px; aspect-ratio: 1\/1;\"><\/div><div class=\"relpost-block-single-text\"  style=\"height: 75px;font-family: Arial;  font-size: 12px;  color: #333333;\"><h2 class=\"relpost_card_title\">Mug Geek \u201d Innovation au Travail\u201d pour un Chocolat Coulant ( Fondant )<\/h2><\/div><\/div><\/a><a href=\"https:\/\/academypedia.info\/fr\/produit\/intelligence-economique-technologie-tasse-de-cafe-design-geek\/\"class=\"relpost-block-single\" ><div class=\"relpost-custom-block-single\"><div class=\"relpost-block-single-image rpt-lazyload\" aria-hidden=\"true\" role=\"img\" data-bg=\"https:\/\/academypedia.info\/fr\/wp-content\/uploads\/2020\/03\/mockup-1d91627f-300x300.jpg\" style=\"background: transparent no-repeat scroll 0% 0%; width: 300px; height: 300px; aspect-ratio: 1\/1;\"><\/div><div class=\"relpost-block-single-text\"  style=\"height: 75px;font-family: Arial;  font-size: 12px;  color: #333333;\"><h2 class=\"relpost_card_title\">Intelligence \u00c9conomique &amp; Technologie , Tasse de Caf\u00e9 Design Geek<\/h2><\/div><\/div><\/a><a href=\"https:\/\/academypedia.info\/fr\/produit\/tasse-de-cafe-design-apprentissage-automatique-mug-design\/\"class=\"relpost-block-single\" ><div class=\"relpost-custom-block-single\"><div class=\"relpost-block-single-image rpt-lazyload\" aria-hidden=\"true\" role=\"img\" data-bg=\"https:\/\/academypedia.info\/fr\/wp-content\/uploads\/2020\/01\/mockup-613bd056-300x300.jpg\" style=\"background: transparent no-repeat scroll 0% 0%; width: 300px; height: 300px; aspect-ratio: 1\/1;\"><\/div><div class=\"relpost-block-single-text\"  style=\"height: 75px;font-family: Arial;  font-size: 12px;  color: #333333;\"><h2 class=\"relpost_card_title\">Tasse de Caf\u00e9 Design - Apprentissage automatique - Mug Design<\/h2><\/div><\/div><\/a><\/div><!-- close relpost-block-container --><div style=\"clear: both\"><\/div><\/div><!-- close filter class --><\/div><!-- close relpost-thumb-wrapper -->","protected":false},"excerpt":{"rendered":"<p>La technologie peut \u00eatre vue comme un ensemble de techniques , de comp\u00e9tences ou d\u2019outils con\u00e7us pour rendre le travail de l\u2019Homme plus facile , plus rentable , plus productif . Malheureusement , mal contr\u00f4l\u00e9e , utilis\u00e9e de fa\u00e7on inappropri\u00e9e , sous ou sur\u00e9valu\u00e9e , elle peut tr\u00e8s vite se retourner contre lui ou entra\u00eener [&hellip;]<\/p>\n","protected":false},"featured_media":1000,"comment_status":"open","ping_status":"closed","template":"","meta":[],"product_brand":[],"product_cat":[48,49],"product_tag":[53,52,54,55,50,51],"class_list":{"0":"post-996","1":"product","2":"type-product","3":"status-publish","4":"has-post-thumbnail","6":"product_cat-informatique","7":"product_cat-intelligence-artificielle","8":"product_tag-collection-de-tasses-de-cafe-revetues-d-une-surface-brillante","9":"product_tag-collection-de-tasses-de-cafe-design-en-ceramique","10":"product_tag-collection-de-tasses-de-cafe-compatibles-au-lave-vaisselle","11":"product_tag-collection-de-tasses-de-cafe-compatibles-micro-ondes","12":"product_tag-tasses-avec-dessin-lie-au-numerique-tic-a-l-informatique-et-a-la-veille","13":"product_tag-tasses-de-cafe-design-dediees-aux-tic-et-a-la-veille-technologique","15":"first","16":"instock","17":"taxable","18":"shipping-taxable","19":"purchasable","20":"product-type-variable","21":"has-default-attributes"},"yoast_head":"<!-- This site is optimized with the Yoast SEO plugin v27.4 - https:\/\/yoast.com\/product\/yoast-seo-wordpress\/ -->\n<title>Tasse de Caf\u00e9 Design - La Face Obscure de la Technologie - Mug Design<\/title>\n<meta name=\"description\" content=\"Achetez ou offrez cette tasse \u00e0 caf\u00e9 design ( Mug design , en anglais ) dont le dessin d\u00e9peint la face obscure de la Technologie .\" \/>\n<meta name=\"robots\" content=\"index, follow, max-snippet:-1, max-image-preview:large, max-video-preview:-1\" \/>\n<link rel=\"canonical\" href=\"https:\/\/academypedia.info\/fr\/produit\/tasse-de-cafe-design-la-face-obscure-de-la-technologie-mug-design\/\" \/>\n<meta property=\"og:locale\" content=\"fr_FR\" \/>\n<meta property=\"og:type\" content=\"article\" \/>\n<meta property=\"og:title\" content=\"Tasse de Caf\u00e9 Design - La Face Obscure de la Technologie - Mug Design\" \/>\n<meta property=\"og:description\" content=\"Achetez ou offrez cette tasse \u00e0 caf\u00e9 design ( Mug design , en anglais ) dont le dessin d\u00e9peint la face obscure de la Technologie .\" \/>\n<meta property=\"og:url\" content=\"https:\/\/academypedia.info\/fr\/produit\/tasse-de-cafe-design-la-face-obscure-de-la-technologie-mug-design\/\" \/>\n<meta property=\"og:site_name\" content=\"Academypedia\" \/>\n<meta property=\"article:modified_time\" content=\"2020-02-25T11:38:49+00:00\" \/>\n<meta property=\"og:image\" content=\"https:\/\/academypedia.info\/fr\/wp-content\/uploads\/2020\/01\/mockup-32634fa4.jpg\" \/>\n\t<meta property=\"og:image:width\" content=\"1000\" \/>\n\t<meta property=\"og:image:height\" content=\"1000\" \/>\n\t<meta property=\"og:image:type\" content=\"image\/jpeg\" \/>\n<meta name=\"twitter:card\" content=\"summary_large_image\" \/>\n<meta name=\"twitter:label1\" content=\"Dur\u00e9e de lecture estim\u00e9e\" \/>\n\t<meta name=\"twitter:data1\" content=\"1 minute\" \/>\n<script type=\"application\/ld+json\" class=\"yoast-schema-graph\">{\"@context\":\"https:\\\/\\\/schema.org\",\"@graph\":[{\"@type\":\"WebPage\",\"@id\":\"https:\\\/\\\/academypedia.info\\\/fr\\\/produit\\\/tasse-de-cafe-design-la-face-obscure-de-la-technologie-mug-design\\\/\",\"url\":\"https:\\\/\\\/academypedia.info\\\/fr\\\/produit\\\/tasse-de-cafe-design-la-face-obscure-de-la-technologie-mug-design\\\/\",\"name\":\"Tasse de Caf\u00e9 Design - La Face Obscure de la Technologie - Mug Design\",\"isPartOf\":{\"@id\":\"https:\\\/\\\/academypedia.info\\\/fr\\\/#website\"},\"primaryImageOfPage\":{\"@id\":\"https:\\\/\\\/academypedia.info\\\/fr\\\/produit\\\/tasse-de-cafe-design-la-face-obscure-de-la-technologie-mug-design\\\/#primaryimage\"},\"image\":{\"@id\":\"https:\\\/\\\/academypedia.info\\\/fr\\\/produit\\\/tasse-de-cafe-design-la-face-obscure-de-la-technologie-mug-design\\\/#primaryimage\"},\"thumbnailUrl\":\"https:\\\/\\\/academypedia.info\\\/fr\\\/wp-content\\\/uploads\\\/2020\\\/01\\\/mockup-32634fa4.jpg\",\"datePublished\":\"2020-02-25T00:00:39+00:00\",\"dateModified\":\"2020-02-25T11:38:49+00:00\",\"description\":\"Achetez ou offrez cette tasse \u00e0 caf\u00e9 design ( Mug design , en anglais ) dont le dessin d\u00e9peint la face obscure de la Technologie .\",\"breadcrumb\":{\"@id\":\"https:\\\/\\\/academypedia.info\\\/fr\\\/produit\\\/tasse-de-cafe-design-la-face-obscure-de-la-technologie-mug-design\\\/#breadcrumb\"},\"inLanguage\":\"fr-FR\",\"potentialAction\":[{\"@type\":\"ReadAction\",\"target\":[\"https:\\\/\\\/academypedia.info\\\/fr\\\/produit\\\/tasse-de-cafe-design-la-face-obscure-de-la-technologie-mug-design\\\/\"]}]},{\"@type\":\"ImageObject\",\"inLanguage\":\"fr-FR\",\"@id\":\"https:\\\/\\\/academypedia.info\\\/fr\\\/produit\\\/tasse-de-cafe-design-la-face-obscure-de-la-technologie-mug-design\\\/#primaryimage\",\"url\":\"https:\\\/\\\/academypedia.info\\\/fr\\\/wp-content\\\/uploads\\\/2020\\\/01\\\/mockup-32634fa4.jpg\",\"contentUrl\":\"https:\\\/\\\/academypedia.info\\\/fr\\\/wp-content\\\/uploads\\\/2020\\\/01\\\/mockup-32634fa4.jpg\",\"width\":1000,\"height\":1000},{\"@type\":\"BreadcrumbList\",\"@id\":\"https:\\\/\\\/academypedia.info\\\/fr\\\/produit\\\/tasse-de-cafe-design-la-face-obscure-de-la-technologie-mug-design\\\/#breadcrumb\",\"itemListElement\":[{\"@type\":\"ListItem\",\"position\":1,\"name\":\"\u00a0 Page d'accueil\",\"item\":\"https:\\\/\\\/academypedia.info\\\/fr\\\/\"},{\"@type\":\"ListItem\",\"position\":2,\"name\":\"Cadeaux Originaux pour Sp\u00e9cialistes en TIC et Intelligence Technologique\",\"item\":\"https:\\\/\\\/academypedia.info\\\/fr\\\/cadeaux-originaux-pour-specialistes-en-tic-et-intelligence-technologique\\\/\"},{\"@type\":\"ListItem\",\"position\":3,\"name\":\"Informatique\",\"item\":\"https:\\\/\\\/academypedia.info\\\/fr\\\/categorie-produit\\\/informatique\\\/\"},{\"@type\":\"ListItem\",\"position\":4,\"name\":\"Intelligence Artificielle\",\"item\":\"https:\\\/\\\/academypedia.info\\\/fr\\\/categorie-produit\\\/informatique\\\/intelligence-artificielle\\\/\"},{\"@type\":\"ListItem\",\"position\":5,\"name\":\"Tasse de Caf\u00e9 Design &#8211; La Face Obscure de la Technologie &#8211; Mug Design\"}]},{\"@type\":\"WebSite\",\"@id\":\"https:\\\/\\\/academypedia.info\\\/fr\\\/#website\",\"url\":\"https:\\\/\\\/academypedia.info\\\/fr\\\/\",\"name\":\"Academypedia\",\"description\":\"TIC, Intelligence technologique, Innovation et Intelligence \u00e9conomique\",\"publisher\":{\"@id\":\"https:\\\/\\\/academypedia.info\\\/fr\\\/#organization\"},\"potentialAction\":[{\"@type\":\"SearchAction\",\"target\":{\"@type\":\"EntryPoint\",\"urlTemplate\":\"https:\\\/\\\/academypedia.info\\\/fr\\\/?s={search_term_string}\"},\"query-input\":{\"@type\":\"PropertyValueSpecification\",\"valueRequired\":true,\"valueName\":\"search_term_string\"}}],\"inLanguage\":\"fr-FR\"},{\"@type\":\"Organization\",\"@id\":\"https:\\\/\\\/academypedia.info\\\/fr\\\/#organization\",\"name\":\"Academypedia.info - Cr\u00e9\u00e9 par David Donisa\",\"url\":\"https:\\\/\\\/academypedia.info\\\/fr\\\/\",\"logo\":{\"@type\":\"ImageObject\",\"inLanguage\":\"fr-FR\",\"@id\":\"https:\\\/\\\/academypedia.info\\\/fr\\\/#\\\/schema\\\/logo\\\/image\\\/\",\"url\":\"https:\\\/\\\/academypedia.info\\\/fr\\\/wp-content\\\/uploads\\\/2021\\\/04\\\/puzzle-977236_1280.png\",\"contentUrl\":\"https:\\\/\\\/academypedia.info\\\/fr\\\/wp-content\\\/uploads\\\/2021\\\/04\\\/puzzle-977236_1280.png\",\"width\":1280,\"height\":908,\"caption\":\"Academypedia.info - Cr\u00e9\u00e9 par David Donisa\"},\"image\":{\"@id\":\"https:\\\/\\\/academypedia.info\\\/fr\\\/#\\\/schema\\\/logo\\\/image\\\/\"}}]}<\/script>\n<!-- \/ Yoast SEO plugin. -->","yoast_head_json":{"title":"Tasse de Caf\u00e9 Design - La Face Obscure de la Technologie - Mug Design","description":"Achetez ou offrez cette tasse \u00e0 caf\u00e9 design ( Mug design , en anglais ) dont le dessin d\u00e9peint la face obscure de la Technologie .","robots":{"index":"index","follow":"follow","max-snippet":"max-snippet:-1","max-image-preview":"max-image-preview:large","max-video-preview":"max-video-preview:-1"},"canonical":"https:\/\/academypedia.info\/fr\/produit\/tasse-de-cafe-design-la-face-obscure-de-la-technologie-mug-design\/","og_locale":"fr_FR","og_type":"article","og_title":"Tasse de Caf\u00e9 Design - La Face Obscure de la Technologie - Mug Design","og_description":"Achetez ou offrez cette tasse \u00e0 caf\u00e9 design ( Mug design , en anglais ) dont le dessin d\u00e9peint la face obscure de la Technologie .","og_url":"https:\/\/academypedia.info\/fr\/produit\/tasse-de-cafe-design-la-face-obscure-de-la-technologie-mug-design\/","og_site_name":"Academypedia","article_modified_time":"2020-02-25T11:38:49+00:00","og_image":[{"width":1000,"height":1000,"url":"https:\/\/academypedia.info\/fr\/wp-content\/uploads\/2020\/01\/mockup-32634fa4.jpg","type":"image\/jpeg"}],"twitter_card":"summary_large_image","twitter_misc":{"Dur\u00e9e de lecture estim\u00e9e":"1 minute"},"schema":{"@context":"https:\/\/schema.org","@graph":[{"@type":"WebPage","@id":"https:\/\/academypedia.info\/fr\/produit\/tasse-de-cafe-design-la-face-obscure-de-la-technologie-mug-design\/","url":"https:\/\/academypedia.info\/fr\/produit\/tasse-de-cafe-design-la-face-obscure-de-la-technologie-mug-design\/","name":"Tasse de Caf\u00e9 Design - La Face Obscure de la Technologie - Mug Design","isPartOf":{"@id":"https:\/\/academypedia.info\/fr\/#website"},"primaryImageOfPage":{"@id":"https:\/\/academypedia.info\/fr\/produit\/tasse-de-cafe-design-la-face-obscure-de-la-technologie-mug-design\/#primaryimage"},"image":{"@id":"https:\/\/academypedia.info\/fr\/produit\/tasse-de-cafe-design-la-face-obscure-de-la-technologie-mug-design\/#primaryimage"},"thumbnailUrl":"https:\/\/academypedia.info\/fr\/wp-content\/uploads\/2020\/01\/mockup-32634fa4.jpg","datePublished":"2020-02-25T00:00:39+00:00","dateModified":"2020-02-25T11:38:49+00:00","description":"Achetez ou offrez cette tasse \u00e0 caf\u00e9 design ( Mug design , en anglais ) dont le dessin d\u00e9peint la face obscure de la Technologie .","breadcrumb":{"@id":"https:\/\/academypedia.info\/fr\/produit\/tasse-de-cafe-design-la-face-obscure-de-la-technologie-mug-design\/#breadcrumb"},"inLanguage":"fr-FR","potentialAction":[{"@type":"ReadAction","target":["https:\/\/academypedia.info\/fr\/produit\/tasse-de-cafe-design-la-face-obscure-de-la-technologie-mug-design\/"]}]},{"@type":"ImageObject","inLanguage":"fr-FR","@id":"https:\/\/academypedia.info\/fr\/produit\/tasse-de-cafe-design-la-face-obscure-de-la-technologie-mug-design\/#primaryimage","url":"https:\/\/academypedia.info\/fr\/wp-content\/uploads\/2020\/01\/mockup-32634fa4.jpg","contentUrl":"https:\/\/academypedia.info\/fr\/wp-content\/uploads\/2020\/01\/mockup-32634fa4.jpg","width":1000,"height":1000},{"@type":"BreadcrumbList","@id":"https:\/\/academypedia.info\/fr\/produit\/tasse-de-cafe-design-la-face-obscure-de-la-technologie-mug-design\/#breadcrumb","itemListElement":[{"@type":"ListItem","position":1,"name":"\u00a0 Page d'accueil","item":"https:\/\/academypedia.info\/fr\/"},{"@type":"ListItem","position":2,"name":"Cadeaux Originaux pour Sp\u00e9cialistes en TIC et Intelligence Technologique","item":"https:\/\/academypedia.info\/fr\/cadeaux-originaux-pour-specialistes-en-tic-et-intelligence-technologique\/"},{"@type":"ListItem","position":3,"name":"Informatique","item":"https:\/\/academypedia.info\/fr\/categorie-produit\/informatique\/"},{"@type":"ListItem","position":4,"name":"Intelligence Artificielle","item":"https:\/\/academypedia.info\/fr\/categorie-produit\/informatique\/intelligence-artificielle\/"},{"@type":"ListItem","position":5,"name":"Tasse de Caf\u00e9 Design &#8211; La Face Obscure de la Technologie &#8211; Mug Design"}]},{"@type":"WebSite","@id":"https:\/\/academypedia.info\/fr\/#website","url":"https:\/\/academypedia.info\/fr\/","name":"Academypedia","description":"TIC, Intelligence technologique, Innovation et Intelligence \u00e9conomique","publisher":{"@id":"https:\/\/academypedia.info\/fr\/#organization"},"potentialAction":[{"@type":"SearchAction","target":{"@type":"EntryPoint","urlTemplate":"https:\/\/academypedia.info\/fr\/?s={search_term_string}"},"query-input":{"@type":"PropertyValueSpecification","valueRequired":true,"valueName":"search_term_string"}}],"inLanguage":"fr-FR"},{"@type":"Organization","@id":"https:\/\/academypedia.info\/fr\/#organization","name":"Academypedia.info - Cr\u00e9\u00e9 par David Donisa","url":"https:\/\/academypedia.info\/fr\/","logo":{"@type":"ImageObject","inLanguage":"fr-FR","@id":"https:\/\/academypedia.info\/fr\/#\/schema\/logo\/image\/","url":"https:\/\/academypedia.info\/fr\/wp-content\/uploads\/2021\/04\/puzzle-977236_1280.png","contentUrl":"https:\/\/academypedia.info\/fr\/wp-content\/uploads\/2021\/04\/puzzle-977236_1280.png","width":1280,"height":908,"caption":"Academypedia.info - Cr\u00e9\u00e9 par David Donisa"},"image":{"@id":"https:\/\/academypedia.info\/fr\/#\/schema\/logo\/image\/"}}]}},"_links":{"self":[{"href":"https:\/\/academypedia.info\/fr\/wp-json\/wp\/v2\/product\/996","targetHints":{"allow":["GET"]}}],"collection":[{"href":"https:\/\/academypedia.info\/fr\/wp-json\/wp\/v2\/product"}],"about":[{"href":"https:\/\/academypedia.info\/fr\/wp-json\/wp\/v2\/types\/product"}],"replies":[{"embeddable":true,"href":"https:\/\/academypedia.info\/fr\/wp-json\/wp\/v2\/comments?post=996"}],"wp:featuredmedia":[{"embeddable":true,"href":"https:\/\/academypedia.info\/fr\/wp-json\/wp\/v2\/media\/1000"}],"wp:attachment":[{"href":"https:\/\/academypedia.info\/fr\/wp-json\/wp\/v2\/media?parent=996"}],"wp:term":[{"taxonomy":"product_brand","embeddable":true,"href":"https:\/\/academypedia.info\/fr\/wp-json\/wp\/v2\/product_brand?post=996"},{"taxonomy":"product_cat","embeddable":true,"href":"https:\/\/academypedia.info\/fr\/wp-json\/wp\/v2\/product_cat?post=996"},{"taxonomy":"product_tag","embeddable":true,"href":"https:\/\/academypedia.info\/fr\/wp-json\/wp\/v2\/product_tag?post=996"}],"curies":[{"name":"wp","href":"https:\/\/api.w.org\/{rel}","templated":true}]}}