{"id":5,"date":"2021-03-31T18:20:35","date_gmt":"2021-03-31T18:20:35","guid":{"rendered":"https:\/\/academypedia.info\/pt-BR\/forum\/"},"modified":"2021-03-31T18:20:35","modified_gmt":"2021-03-31T18:20:35","slug":"forum","status":"publish","type":"page","link":"https:\/\/academypedia.info\/pt-BR\/forum\/","title":{"rendered":"Forum"},"content":{"rendered":"\n\n<div class=\"kk-star-ratings kksr-auto kksr-align-left kksr-valign-top\"\n    data-payload='{&quot;align&quot;:&quot;left&quot;,&quot;id&quot;:&quot;5&quot;,&quot;slug&quot;:&quot;default&quot;,&quot;valign&quot;:&quot;top&quot;,&quot;ignore&quot;:&quot;&quot;,&quot;reference&quot;:&quot;auto&quot;,&quot;class&quot;:&quot;&quot;,&quot;count&quot;:&quot;0&quot;,&quot;legendonly&quot;:&quot;&quot;,&quot;readonly&quot;:&quot;&quot;,&quot;score&quot;:&quot;0&quot;,&quot;starsonly&quot;:&quot;&quot;,&quot;best&quot;:&quot;5&quot;,&quot;gap&quot;:&quot;5&quot;,&quot;greet&quot;:&quot;Rate this page&quot;,&quot;legend&quot;:&quot;0\\\/5 - (0 voto)&quot;,&quot;size&quot;:&quot;24&quot;,&quot;title&quot;:&quot;Forum&quot;,&quot;width&quot;:&quot;0&quot;,&quot;_legend&quot;:&quot;{score}\\\/{best} - ({count} {votes})&quot;,&quot;font_factor&quot;:&quot;1.25&quot;}'>\n            \n<div class=\"kksr-stars\">\n    \n<div class=\"kksr-stars-inactive\">\n            <div class=\"kksr-star\" data-star=\"1\" style=\"padding-right: 5px\">\n            \n\n<div class=\"kksr-icon\" style=\"width: 24px; height: 24px;\"><\/div>\n        <\/div>\n            <div class=\"kksr-star\" data-star=\"2\" style=\"padding-right: 5px\">\n            \n\n<div class=\"kksr-icon\" style=\"width: 24px; height: 24px;\"><\/div>\n        <\/div>\n            <div class=\"kksr-star\" data-star=\"3\" style=\"padding-right: 5px\">\n            \n\n<div class=\"kksr-icon\" style=\"width: 24px; height: 24px;\"><\/div>\n        <\/div>\n            <div class=\"kksr-star\" data-star=\"4\" style=\"padding-right: 5px\">\n            \n\n<div class=\"kksr-icon\" style=\"width: 24px; height: 24px;\"><\/div>\n        <\/div>\n            <div class=\"kksr-star\" data-star=\"5\" style=\"padding-right: 5px\">\n            \n\n<div class=\"kksr-icon\" style=\"width: 24px; height: 24px;\"><\/div>\n        <\/div>\n    <\/div>\n    \n<div class=\"kksr-stars-active\" style=\"width: 0px;\">\n            <div class=\"kksr-star\" style=\"padding-right: 5px\">\n            \n\n<div class=\"kksr-icon\" style=\"width: 24px; height: 24px;\"><\/div>\n        <\/div>\n            <div class=\"kksr-star\" style=\"padding-right: 5px\">\n            \n\n<div class=\"kksr-icon\" style=\"width: 24px; height: 24px;\"><\/div>\n        <\/div>\n            <div class=\"kksr-star\" style=\"padding-right: 5px\">\n            \n\n<div class=\"kksr-icon\" style=\"width: 24px; height: 24px;\"><\/div>\n        <\/div>\n            <div class=\"kksr-star\" style=\"padding-right: 5px\">\n            \n\n<div class=\"kksr-icon\" style=\"width: 24px; height: 24px;\"><\/div>\n        <\/div>\n            <div class=\"kksr-star\" style=\"padding-right: 5px\">\n            \n\n<div class=\"kksr-icon\" style=\"width: 24px; height: 24px;\"><\/div>\n        <\/div>\n    <\/div>\n<\/div>\n                \n\n<div class=\"kksr-legend\" style=\"font-size: 19.2px;\">\n            <span class=\"kksr-muted\">Rate this page<\/span>\n    <\/div>\n    <\/div>\n<div id=\"af-wrapper\"><div id=\"forum-header\"><div id=\"forum-navigation-mobile\"><a><span class=\"fas fa-bars\"><\/span>Menu<\/a><\/div><span class=\"screen-reader-text\">Navega\u00e7\u00e3o no f\u00f3rum<\/span><div id=\"forum-navigation\"><a class=\"home-link\" href=\"https:\/\/academypedia.info\/pt-BR\/forum\" target=\"_self\">F\u00f3rum<\/a><a class=\"members-link\" href=\"https:\/\/academypedia.info\/pt-BR\/forum\/members\/\" target=\"_self\">Membros<\/a><a class=\"activity-link\" href=\"https:\/\/academypedia.info\/pt-BR\/forum\/activity\/\" target=\"_self\">Atividade<\/a><a class=\"login-link\" href=\"https:\/\/academypedia.info\/pt-BR\/wp-login.php?redirect_to=https%3A%2F%2Facademypedia.info%2Fpt-BR%2Fwp-json%2Fwp%2Fv2%2Fpages%2F5\" target=\"_self\">Acessar<\/a><a class=\"register-link\" href=\"https:\/\/academypedia.info\/pt-BR\/wp-login.php?action=register\" target=\"_self\">Cadastrar<\/a><\/div><div id=\"forum-search\"><span class=\"search-icon fas fa-search\"><\/span><form method=\"get\" action=\"https:\/\/academypedia.info\/pt-BR\/forum\/search\/\"><input name=\"keywords\" type=\"search\" placeholder=\"Buscar ...\" value=\"\"><\/form><\/div><div class=\"clear\"><\/div><\/div><div id=\"forum-breadcrumbs\" itemscope itemtype=\"http:\/\/schema.org\/BreadcrumbList\"><span class=\"screen-reader-text\">Caminho de navega\u00e7\u00e3o do f\u00f3rum - Voc\u00ea est\u00e1 aqui:<\/span><span class=\"breadcrumb-icon fas fa-home\"><\/span><span itemprop=\"itemListElement\" itemscope itemtype=\"https:\/\/schema.org\/ListItem\"><a itemprop=\"item\" href=\"https:\/\/academypedia.info\/pt-BR\/forum\" title=\"Forum\"><span itemprop=\"name\">Forum<\/span><\/a><meta itemprop=\"position\" content=\"1\"><\/span><span class=\"breadcrumb-icon fas fa-chevron-right separator\"><\/span><\/div><h1 class=\"main-title main-title-\">Forum<\/h1><div class=\"title-element\" id=\"forum-category-4\">Example Category<span class=\"last-post-headline\">\u00daltima postagem:<\/span><\/div><div class=\"content-container\"><div class=\"content-element forum\" id=\"forum-1\"><div class=\"forum-status read\"><i class=\"fas fa-comments\"><\/i><\/div><div class=\"forum-name\"><a class=\"forum-title\" href=\"https:\/\/academypedia.info\/pt-BR\/forum\/forum\/first-forum\/\">First Forum<\/a><small class=\"forum-description\">My first forum.<\/small><small class=\"forum-stats\">0 T\u00f3pico&nbsp;&middot;&nbsp;  0 Post \n\n <\/small><small class=\"forum-lastpost-small\"><small class=\"no-topics\">Sem t\u00f3picos ainda!<\/small><\/small><\/div><div class=\"forum-poster\"><small class=\"no-topics\">Sem t\u00f3picos ainda!<\/small><\/div><\/div><\/div><div id=\"read-unread\"><span class=\"indicator unread\"><\/span><span class=\"indicator-label\">Novos posts<\/span><span class=\"indicator read\"><\/span><span class=\"indicator-label\">Nada novo<\/span><span class=\"indicator-label\"><span class=\"fas fa-check\"><\/span><a href=\"https:\/\/academypedia.info\/pt-BR\/forum\/markallread\/?_wpnonce=0c7ca6eee6\">Marcar todos como lidos<\/a><\/span><span class=\"indicator-label\"><span class=\"fas fa-history\"><\/span><a href=\"https:\/\/academypedia.info\/pt-BR\/forum\/unread\/\">Mostrar t\u00f3picos n\u00e3o lidos<\/a><\/span><div class=\"clear\"><\/div><\/div><div id=\"statistics\"><div class=\"title-element title-element-dark\"><span class=\"title-element-icon fas fa-chart-pie\"><\/span>Estat\u00edsticas<\/div><div id=\"statistics-body\"><div id=\"statistics-elements\"><div class=\"statistics-element\"><div class=\"element-number\"><span class=\"statistics-element-icon far fa-comments\"><\/span>0<\/div><div class=\"element-name\">T\u00f3picos<\/div><\/div><div class=\"statistics-element\"><div class=\"element-number\"><span class=\"statistics-element-icon far fa-comment\"><\/span>0<\/div><div class=\"element-name\">Posts<\/div><\/div><div class=\"statistics-element\"><div class=\"element-number\"><span class=\"statistics-element-icon far fa-eye\"><\/span>0<\/div><div class=\"element-name\">Visualiza\u00e7\u00f5es<\/div><\/div><div class=\"statistics-element\"><div class=\"element-number\"><span class=\"statistics-element-icon far fa-user\"><\/span>1<\/div><div class=\"element-name\">Usu\u00e1rios<\/div><\/div><div class=\"statistics-element\"><div class=\"element-number\"><span class=\"statistics-element-icon far fa-lightbulb\"><\/span>0<\/div><div class=\"element-name\">Online<\/div><\/div><\/div><div id=\"statistics-online-users\"><span class=\"online-users-icon fas fa-user\"><\/span>Membro mais recente:&nbsp;<i><a class=\"profile-link highlight-admin\" href=\"https:\/\/academypedia.info\/pt-BR\/forum\/profile\/donimedia\/\">David Donisa<\/a><\/i>&nbsp;&middot;&nbsp;<span class=\"online-users-icon fas fa-users\"><\/span><i>No momento ningu\u00e9m est\u00e1 online.<\/i><\/div><\/div><div class=\"clear\"><\/div><\/div><div id=\"bottom-navigation\"><\/div><div class=\"clear\"><\/div><\/div>\n","protected":false},"excerpt":{"rendered":"","protected":false},"author":1,"featured_media":0,"parent":0,"menu_order":0,"comment_status":"closed","ping_status":"closed","template":"","meta":{"footnotes":""},"class_list":["post-5","page","type-page","status-publish","hentry"],"yoast_head":"<!-- This site is optimized with the Yoast SEO plugin v27.4 - https:\/\/yoast.com\/product\/yoast-seo-wordpress\/ -->\n<title>Forum - Academypedia<\/title>\n<meta name=\"robots\" content=\"index, follow, max-snippet:-1, max-image-preview:large, max-video-preview:-1\" \/>\n<link rel=\"canonical\" href=\"https:\/\/academypedia.info\/pt-BR\/forum\/\" \/>\n<meta property=\"og:locale\" content=\"pt_BR\" \/>\n<meta property=\"og:type\" content=\"article\" \/>\n<meta property=\"og:title\" content=\"Forum - Academypedia\" \/>\n<meta property=\"og:url\" content=\"https:\/\/academypedia.info\/pt-BR\/forum\/\" \/>\n<meta property=\"og:site_name\" content=\"Academypedia\" \/>\n<meta name=\"twitter:card\" content=\"summary_large_image\" \/>\n<script type=\"application\/ld+json\" class=\"yoast-schema-graph\">{\"@context\":\"https:\\\/\\\/schema.org\",\"@graph\":[{\"@type\":\"WebPage\",\"@id\":\"https:\\\/\\\/academypedia.info\\\/pt-BR\\\/forum\\\/\",\"url\":\"https:\\\/\\\/academypedia.info\\\/pt-BR\\\/forum\\\/\",\"name\":\"Forum - Academypedia\",\"isPartOf\":{\"@id\":\"https:\\\/\\\/academypedia.info\\\/pt-BR\\\/#website\"},\"datePublished\":\"2021-03-31T18:20:35+00:00\",\"breadcrumb\":{\"@id\":\"https:\\\/\\\/academypedia.info\\\/pt-BR\\\/forum\\\/#breadcrumb\"},\"inLanguage\":\"pt-BR\",\"potentialAction\":[{\"@type\":\"ReadAction\",\"target\":[\"https:\\\/\\\/academypedia.info\\\/pt-BR\\\/forum\\\/\"]}]},{\"@type\":\"BreadcrumbList\",\"@id\":\"https:\\\/\\\/academypedia.info\\\/pt-BR\\\/forum\\\/#breadcrumb\",\"itemListElement\":[{\"@type\":\"ListItem\",\"position\":1,\"name\":\"\u00a0 Pagina inicial\",\"item\":\"https:\\\/\\\/academypedia.info\\\/pt-BR\\\/\"},{\"@type\":\"ListItem\",\"position\":2,\"name\":\"Forum\"}]},{\"@type\":\"WebSite\",\"@id\":\"https:\\\/\\\/academypedia.info\\\/pt-BR\\\/#website\",\"url\":\"https:\\\/\\\/academypedia.info\\\/pt-BR\\\/\",\"name\":\"Academypedia\",\"description\":\"TIC, Intelig\u00eancia tecnol\u00f3gica, Inova\u00e7\u00e3o e Intelig\u00eancia econ\u00f4mica\",\"publisher\":{\"@id\":\"https:\\\/\\\/academypedia.info\\\/pt-BR\\\/#organization\"},\"potentialAction\":[{\"@type\":\"SearchAction\",\"target\":{\"@type\":\"EntryPoint\",\"urlTemplate\":\"https:\\\/\\\/academypedia.info\\\/pt-BR\\\/?s={search_term_string}\"},\"query-input\":{\"@type\":\"PropertyValueSpecification\",\"valueRequired\":true,\"valueName\":\"search_term_string\"}}],\"inLanguage\":\"pt-BR\"},{\"@type\":\"Organization\",\"@id\":\"https:\\\/\\\/academypedia.info\\\/pt-BR\\\/#organization\",\"name\":\"Academypedia.info - Criado por David Donisa\",\"url\":\"https:\\\/\\\/academypedia.info\\\/pt-BR\\\/\",\"logo\":{\"@type\":\"ImageObject\",\"inLanguage\":\"pt-BR\",\"@id\":\"https:\\\/\\\/academypedia.info\\\/pt-BR\\\/#\\\/schema\\\/logo\\\/image\\\/\",\"url\":\"https:\\\/\\\/academypedia.info\\\/pt-BR\\\/wp-content\\\/uploads\\\/2021\\\/04\\\/puzzle-977236_1280.jpg\",\"contentUrl\":\"https:\\\/\\\/academypedia.info\\\/pt-BR\\\/wp-content\\\/uploads\\\/2021\\\/04\\\/puzzle-977236_1280.jpg\",\"width\":1280,\"height\":908,\"caption\":\"Academypedia.info - Criado por David Donisa\"},\"image\":{\"@id\":\"https:\\\/\\\/academypedia.info\\\/pt-BR\\\/#\\\/schema\\\/logo\\\/image\\\/\"}}]}<\/script>\n<!-- \/ Yoast SEO plugin. -->","yoast_head_json":{"title":"Forum - Academypedia","robots":{"index":"index","follow":"follow","max-snippet":"max-snippet:-1","max-image-preview":"max-image-preview:large","max-video-preview":"max-video-preview:-1"},"canonical":"https:\/\/academypedia.info\/pt-BR\/forum\/","og_locale":"pt_BR","og_type":"article","og_title":"Forum - Academypedia","og_url":"https:\/\/academypedia.info\/pt-BR\/forum\/","og_site_name":"Academypedia","twitter_card":"summary_large_image","schema":{"@context":"https:\/\/schema.org","@graph":[{"@type":"WebPage","@id":"https:\/\/academypedia.info\/pt-BR\/forum\/","url":"https:\/\/academypedia.info\/pt-BR\/forum\/","name":"Forum - Academypedia","isPartOf":{"@id":"https:\/\/academypedia.info\/pt-BR\/#website"},"datePublished":"2021-03-31T18:20:35+00:00","breadcrumb":{"@id":"https:\/\/academypedia.info\/pt-BR\/forum\/#breadcrumb"},"inLanguage":"pt-BR","potentialAction":[{"@type":"ReadAction","target":["https:\/\/academypedia.info\/pt-BR\/forum\/"]}]},{"@type":"BreadcrumbList","@id":"https:\/\/academypedia.info\/pt-BR\/forum\/#breadcrumb","itemListElement":[{"@type":"ListItem","position":1,"name":"\u00a0 Pagina inicial","item":"https:\/\/academypedia.info\/pt-BR\/"},{"@type":"ListItem","position":2,"name":"Forum"}]},{"@type":"WebSite","@id":"https:\/\/academypedia.info\/pt-BR\/#website","url":"https:\/\/academypedia.info\/pt-BR\/","name":"Academypedia","description":"TIC, Intelig\u00eancia tecnol\u00f3gica, Inova\u00e7\u00e3o e Intelig\u00eancia econ\u00f4mica","publisher":{"@id":"https:\/\/academypedia.info\/pt-BR\/#organization"},"potentialAction":[{"@type":"SearchAction","target":{"@type":"EntryPoint","urlTemplate":"https:\/\/academypedia.info\/pt-BR\/?s={search_term_string}"},"query-input":{"@type":"PropertyValueSpecification","valueRequired":true,"valueName":"search_term_string"}}],"inLanguage":"pt-BR"},{"@type":"Organization","@id":"https:\/\/academypedia.info\/pt-BR\/#organization","name":"Academypedia.info - Criado por David Donisa","url":"https:\/\/academypedia.info\/pt-BR\/","logo":{"@type":"ImageObject","inLanguage":"pt-BR","@id":"https:\/\/academypedia.info\/pt-BR\/#\/schema\/logo\/image\/","url":"https:\/\/academypedia.info\/pt-BR\/wp-content\/uploads\/2021\/04\/puzzle-977236_1280.jpg","contentUrl":"https:\/\/academypedia.info\/pt-BR\/wp-content\/uploads\/2021\/04\/puzzle-977236_1280.jpg","width":1280,"height":908,"caption":"Academypedia.info - Criado por David Donisa"},"image":{"@id":"https:\/\/academypedia.info\/pt-BR\/#\/schema\/logo\/image\/"}}]}},"_links":{"self":[{"href":"https:\/\/academypedia.info\/pt-BR\/wp-json\/wp\/v2\/pages\/5","targetHints":{"allow":["GET"]}}],"collection":[{"href":"https:\/\/academypedia.info\/pt-BR\/wp-json\/wp\/v2\/pages"}],"about":[{"href":"https:\/\/academypedia.info\/pt-BR\/wp-json\/wp\/v2\/types\/page"}],"author":[{"embeddable":true,"href":"https:\/\/academypedia.info\/pt-BR\/wp-json\/wp\/v2\/users\/1"}],"replies":[{"embeddable":true,"href":"https:\/\/academypedia.info\/pt-BR\/wp-json\/wp\/v2\/comments?post=5"}],"version-history":[{"count":0,"href":"https:\/\/academypedia.info\/pt-BR\/wp-json\/wp\/v2\/pages\/5\/revisions"}],"wp:attachment":[{"href":"https:\/\/academypedia.info\/pt-BR\/wp-json\/wp\/v2\/media?parent=5"}],"curies":[{"name":"wp","href":"https:\/\/api.w.org\/{rel}","templated":true}]}}