{"id":83,"date":"2021-08-04T10:00:00","date_gmt":"2021-08-04T10:00:00","guid":{"rendered":"https:\/\/academypedia.info\/pt-BR\/politica-de-cookies-ue\/"},"modified":"2021-08-04T19:56:33","modified_gmt":"2021-08-04T19:56:33","slug":"politica-de-cookies-ue","status":"publish","type":"page","link":"https:\/\/academypedia.info\/pt-BR\/politica-de-cookies-ue\/","title":{"rendered":"Pol\u00edtica de Cookies (UE)"},"content":{"rendered":"\n\n<div class=\"kk-star-ratings kksr-auto kksr-align-left kksr-valign-top\"\n    data-payload='{&quot;align&quot;:&quot;left&quot;,&quot;id&quot;:&quot;83&quot;,&quot;slug&quot;:&quot;default&quot;,&quot;valign&quot;:&quot;top&quot;,&quot;ignore&quot;:&quot;&quot;,&quot;reference&quot;:&quot;auto&quot;,&quot;class&quot;:&quot;&quot;,&quot;count&quot;:&quot;0&quot;,&quot;legendonly&quot;:&quot;&quot;,&quot;readonly&quot;:&quot;&quot;,&quot;score&quot;:&quot;0&quot;,&quot;starsonly&quot;:&quot;&quot;,&quot;best&quot;:&quot;5&quot;,&quot;gap&quot;:&quot;5&quot;,&quot;greet&quot;:&quot;Rate this page&quot;,&quot;legend&quot;:&quot;0\\\/5 - (0 voto)&quot;,&quot;size&quot;:&quot;24&quot;,&quot;title&quot;:&quot;Pol\u00edtica de Cookies (UE)&quot;,&quot;width&quot;:&quot;0&quot;,&quot;_legend&quot;:&quot;{score}\\\/{best} - ({count} {votes})&quot;,&quot;font_factor&quot;:&quot;1.25&quot;}'>\n            \n<div class=\"kksr-stars\">\n    \n<div class=\"kksr-stars-inactive\">\n            <div class=\"kksr-star\" data-star=\"1\" style=\"padding-right: 5px\">\n            \n\n<div class=\"kksr-icon\" style=\"width: 24px; height: 24px;\"><\/div>\n        <\/div>\n            <div class=\"kksr-star\" data-star=\"2\" style=\"padding-right: 5px\">\n            \n\n<div class=\"kksr-icon\" style=\"width: 24px; height: 24px;\"><\/div>\n        <\/div>\n            <div class=\"kksr-star\" data-star=\"3\" style=\"padding-right: 5px\">\n            \n\n<div class=\"kksr-icon\" style=\"width: 24px; height: 24px;\"><\/div>\n        <\/div>\n            <div class=\"kksr-star\" data-star=\"4\" style=\"padding-right: 5px\">\n            \n\n<div class=\"kksr-icon\" style=\"width: 24px; height: 24px;\"><\/div>\n        <\/div>\n            <div class=\"kksr-star\" data-star=\"5\" style=\"padding-right: 5px\">\n            \n\n<div class=\"kksr-icon\" style=\"width: 24px; height: 24px;\"><\/div>\n        <\/div>\n    <\/div>\n    \n<div class=\"kksr-stars-active\" style=\"width: 0px;\">\n            <div class=\"kksr-star\" style=\"padding-right: 5px\">\n            \n\n<div class=\"kksr-icon\" style=\"width: 24px; height: 24px;\"><\/div>\n        <\/div>\n            <div class=\"kksr-star\" style=\"padding-right: 5px\">\n            \n\n<div class=\"kksr-icon\" style=\"width: 24px; height: 24px;\"><\/div>\n        <\/div>\n            <div class=\"kksr-star\" style=\"padding-right: 5px\">\n            \n\n<div class=\"kksr-icon\" style=\"width: 24px; height: 24px;\"><\/div>\n        <\/div>\n            <div class=\"kksr-star\" style=\"padding-right: 5px\">\n            \n\n<div class=\"kksr-icon\" style=\"width: 24px; height: 24px;\"><\/div>\n        <\/div>\n            <div class=\"kksr-star\" style=\"padding-right: 5px\">\n            \n\n<div class=\"kksr-icon\" style=\"width: 24px; height: 24px;\"><\/div>\n        <\/div>\n    <\/div>\n<\/div>\n                \n\n<div class=\"kksr-legend\" style=\"font-size: 19.2px;\">\n            <span class=\"kksr-muted\">Rate this page<\/span>\n    <\/div>\n    <\/div>\n","protected":false},"excerpt":{"rendered":"","protected":false},"author":1,"featured_media":100,"parent":0,"menu_order":0,"comment_status":"closed","ping_status":"closed","template":"","meta":{"footnotes":""},"class_list":["post-83","page","type-page","status-publish","has-post-thumbnail","hentry"],"yoast_head":"<!-- This site is optimized with the Yoast SEO plugin v27.4 - https:\/\/yoast.com\/product\/yoast-seo-wordpress\/ -->\n<title>Pol\u00edtica de Cookies (UE) - Academypedia<\/title>\n<meta name=\"robots\" content=\"index, follow, max-snippet:-1, max-image-preview:large, max-video-preview:-1\" \/>\n<link rel=\"canonical\" href=\"https:\/\/academypedia.info\/pt-BR\/politica-de-cookies-ue\/\" \/>\n<meta property=\"og:locale\" content=\"pt_BR\" \/>\n<meta property=\"og:type\" content=\"article\" \/>\n<meta property=\"og:title\" content=\"Pol\u00edtica de Cookies (UE) - Academypedia\" \/>\n<meta property=\"og:url\" content=\"https:\/\/academypedia.info\/pt-BR\/politica-de-cookies-ue\/\" \/>\n<meta property=\"og:site_name\" content=\"Academypedia\" \/>\n<meta property=\"article:modified_time\" content=\"2021-08-04T19:56:33+00:00\" \/>\n<meta property=\"og:image\" content=\"https:\/\/academypedia.info\/pt-BR\/wp-content\/uploads\/2021\/08\/cookie_pixabay_1920_1158.jpg\" \/>\n\t<meta property=\"og:image:width\" content=\"1920\" \/>\n\t<meta property=\"og:image:height\" content=\"1158\" \/>\n\t<meta property=\"og:image:type\" content=\"image\/jpeg\" \/>\n<meta name=\"twitter:card\" content=\"summary_large_image\" \/>\n<script type=\"application\/ld+json\" class=\"yoast-schema-graph\">{\"@context\":\"https:\\\/\\\/schema.org\",\"@graph\":[{\"@type\":\"WebPage\",\"@id\":\"https:\\\/\\\/academypedia.info\\\/pt-BR\\\/politica-de-cookies-ue\\\/\",\"url\":\"https:\\\/\\\/academypedia.info\\\/pt-BR\\\/politica-de-cookies-ue\\\/\",\"name\":\"Pol\u00edtica de Cookies (UE) - Academypedia\",\"isPartOf\":{\"@id\":\"https:\\\/\\\/academypedia.info\\\/pt-BR\\\/#website\"},\"primaryImageOfPage\":{\"@id\":\"https:\\\/\\\/academypedia.info\\\/pt-BR\\\/politica-de-cookies-ue\\\/#primaryimage\"},\"image\":{\"@id\":\"https:\\\/\\\/academypedia.info\\\/pt-BR\\\/politica-de-cookies-ue\\\/#primaryimage\"},\"thumbnailUrl\":\"https:\\\/\\\/academypedia.info\\\/pt-BR\\\/wp-content\\\/uploads\\\/2021\\\/08\\\/cookie_pixabay_1920_1158.jpg\",\"datePublished\":\"2021-08-04T10:00:00+00:00\",\"dateModified\":\"2021-08-04T19:56:33+00:00\",\"breadcrumb\":{\"@id\":\"https:\\\/\\\/academypedia.info\\\/pt-BR\\\/politica-de-cookies-ue\\\/#breadcrumb\"},\"inLanguage\":\"pt-BR\",\"potentialAction\":[{\"@type\":\"ReadAction\",\"target\":[\"https:\\\/\\\/academypedia.info\\\/pt-BR\\\/politica-de-cookies-ue\\\/\"]}]},{\"@type\":\"ImageObject\",\"inLanguage\":\"pt-BR\",\"@id\":\"https:\\\/\\\/academypedia.info\\\/pt-BR\\\/politica-de-cookies-ue\\\/#primaryimage\",\"url\":\"https:\\\/\\\/academypedia.info\\\/pt-BR\\\/wp-content\\\/uploads\\\/2021\\\/08\\\/cookie_pixabay_1920_1158.jpg\",\"contentUrl\":\"https:\\\/\\\/academypedia.info\\\/pt-BR\\\/wp-content\\\/uploads\\\/2021\\\/08\\\/cookie_pixabay_1920_1158.jpg\",\"width\":1920,\"height\":1158},{\"@type\":\"BreadcrumbList\",\"@id\":\"https:\\\/\\\/academypedia.info\\\/pt-BR\\\/politica-de-cookies-ue\\\/#breadcrumb\",\"itemListElement\":[{\"@type\":\"ListItem\",\"position\":1,\"name\":\"\u00a0 Pagina inicial\",\"item\":\"https:\\\/\\\/academypedia.info\\\/pt-BR\\\/\"},{\"@type\":\"ListItem\",\"position\":2,\"name\":\"Pol\u00edtica de Cookies (UE)\"}]},{\"@type\":\"WebSite\",\"@id\":\"https:\\\/\\\/academypedia.info\\\/pt-BR\\\/#website\",\"url\":\"https:\\\/\\\/academypedia.info\\\/pt-BR\\\/\",\"name\":\"Academypedia\",\"description\":\"TIC, Intelig\u00eancia tecnol\u00f3gica, Inova\u00e7\u00e3o e Intelig\u00eancia econ\u00f4mica\",\"publisher\":{\"@id\":\"https:\\\/\\\/academypedia.info\\\/pt-BR\\\/#organization\"},\"potentialAction\":[{\"@type\":\"SearchAction\",\"target\":{\"@type\":\"EntryPoint\",\"urlTemplate\":\"https:\\\/\\\/academypedia.info\\\/pt-BR\\\/?s={search_term_string}\"},\"query-input\":{\"@type\":\"PropertyValueSpecification\",\"valueRequired\":true,\"valueName\":\"search_term_string\"}}],\"inLanguage\":\"pt-BR\"},{\"@type\":\"Organization\",\"@id\":\"https:\\\/\\\/academypedia.info\\\/pt-BR\\\/#organization\",\"name\":\"Academypedia.info - Criado por David Donisa\",\"url\":\"https:\\\/\\\/academypedia.info\\\/pt-BR\\\/\",\"logo\":{\"@type\":\"ImageObject\",\"inLanguage\":\"pt-BR\",\"@id\":\"https:\\\/\\\/academypedia.info\\\/pt-BR\\\/#\\\/schema\\\/logo\\\/image\\\/\",\"url\":\"https:\\\/\\\/academypedia.info\\\/pt-BR\\\/wp-content\\\/uploads\\\/2021\\\/04\\\/puzzle-977236_1280.jpg\",\"contentUrl\":\"https:\\\/\\\/academypedia.info\\\/pt-BR\\\/wp-content\\\/uploads\\\/2021\\\/04\\\/puzzle-977236_1280.jpg\",\"width\":1280,\"height\":908,\"caption\":\"Academypedia.info - Criado por David Donisa\"},\"image\":{\"@id\":\"https:\\\/\\\/academypedia.info\\\/pt-BR\\\/#\\\/schema\\\/logo\\\/image\\\/\"}}]}<\/script>\n<!-- \/ Yoast SEO plugin. -->","yoast_head_json":{"title":"Pol\u00edtica de Cookies (UE) - Academypedia","robots":{"index":"index","follow":"follow","max-snippet":"max-snippet:-1","max-image-preview":"max-image-preview:large","max-video-preview":"max-video-preview:-1"},"canonical":"https:\/\/academypedia.info\/pt-BR\/politica-de-cookies-ue\/","og_locale":"pt_BR","og_type":"article","og_title":"Pol\u00edtica de Cookies (UE) - Academypedia","og_url":"https:\/\/academypedia.info\/pt-BR\/politica-de-cookies-ue\/","og_site_name":"Academypedia","article_modified_time":"2021-08-04T19:56:33+00:00","og_image":[{"width":1920,"height":1158,"url":"https:\/\/academypedia.info\/pt-BR\/wp-content\/uploads\/2021\/08\/cookie_pixabay_1920_1158.jpg","type":"image\/jpeg"}],"twitter_card":"summary_large_image","schema":{"@context":"https:\/\/schema.org","@graph":[{"@type":"WebPage","@id":"https:\/\/academypedia.info\/pt-BR\/politica-de-cookies-ue\/","url":"https:\/\/academypedia.info\/pt-BR\/politica-de-cookies-ue\/","name":"Pol\u00edtica de Cookies (UE) - Academypedia","isPartOf":{"@id":"https:\/\/academypedia.info\/pt-BR\/#website"},"primaryImageOfPage":{"@id":"https:\/\/academypedia.info\/pt-BR\/politica-de-cookies-ue\/#primaryimage"},"image":{"@id":"https:\/\/academypedia.info\/pt-BR\/politica-de-cookies-ue\/#primaryimage"},"thumbnailUrl":"https:\/\/academypedia.info\/pt-BR\/wp-content\/uploads\/2021\/08\/cookie_pixabay_1920_1158.jpg","datePublished":"2021-08-04T10:00:00+00:00","dateModified":"2021-08-04T19:56:33+00:00","breadcrumb":{"@id":"https:\/\/academypedia.info\/pt-BR\/politica-de-cookies-ue\/#breadcrumb"},"inLanguage":"pt-BR","potentialAction":[{"@type":"ReadAction","target":["https:\/\/academypedia.info\/pt-BR\/politica-de-cookies-ue\/"]}]},{"@type":"ImageObject","inLanguage":"pt-BR","@id":"https:\/\/academypedia.info\/pt-BR\/politica-de-cookies-ue\/#primaryimage","url":"https:\/\/academypedia.info\/pt-BR\/wp-content\/uploads\/2021\/08\/cookie_pixabay_1920_1158.jpg","contentUrl":"https:\/\/academypedia.info\/pt-BR\/wp-content\/uploads\/2021\/08\/cookie_pixabay_1920_1158.jpg","width":1920,"height":1158},{"@type":"BreadcrumbList","@id":"https:\/\/academypedia.info\/pt-BR\/politica-de-cookies-ue\/#breadcrumb","itemListElement":[{"@type":"ListItem","position":1,"name":"\u00a0 Pagina inicial","item":"https:\/\/academypedia.info\/pt-BR\/"},{"@type":"ListItem","position":2,"name":"Pol\u00edtica de Cookies (UE)"}]},{"@type":"WebSite","@id":"https:\/\/academypedia.info\/pt-BR\/#website","url":"https:\/\/academypedia.info\/pt-BR\/","name":"Academypedia","description":"TIC, Intelig\u00eancia tecnol\u00f3gica, Inova\u00e7\u00e3o e Intelig\u00eancia econ\u00f4mica","publisher":{"@id":"https:\/\/academypedia.info\/pt-BR\/#organization"},"potentialAction":[{"@type":"SearchAction","target":{"@type":"EntryPoint","urlTemplate":"https:\/\/academypedia.info\/pt-BR\/?s={search_term_string}"},"query-input":{"@type":"PropertyValueSpecification","valueRequired":true,"valueName":"search_term_string"}}],"inLanguage":"pt-BR"},{"@type":"Organization","@id":"https:\/\/academypedia.info\/pt-BR\/#organization","name":"Academypedia.info - Criado por David Donisa","url":"https:\/\/academypedia.info\/pt-BR\/","logo":{"@type":"ImageObject","inLanguage":"pt-BR","@id":"https:\/\/academypedia.info\/pt-BR\/#\/schema\/logo\/image\/","url":"https:\/\/academypedia.info\/pt-BR\/wp-content\/uploads\/2021\/04\/puzzle-977236_1280.jpg","contentUrl":"https:\/\/academypedia.info\/pt-BR\/wp-content\/uploads\/2021\/04\/puzzle-977236_1280.jpg","width":1280,"height":908,"caption":"Academypedia.info - Criado por David Donisa"},"image":{"@id":"https:\/\/academypedia.info\/pt-BR\/#\/schema\/logo\/image\/"}}]}},"_links":{"self":[{"href":"https:\/\/academypedia.info\/pt-BR\/wp-json\/wp\/v2\/pages\/83","targetHints":{"allow":["GET"]}}],"collection":[{"href":"https:\/\/academypedia.info\/pt-BR\/wp-json\/wp\/v2\/pages"}],"about":[{"href":"https:\/\/academypedia.info\/pt-BR\/wp-json\/wp\/v2\/types\/page"}],"author":[{"embeddable":true,"href":"https:\/\/academypedia.info\/pt-BR\/wp-json\/wp\/v2\/users\/1"}],"replies":[{"embeddable":true,"href":"https:\/\/academypedia.info\/pt-BR\/wp-json\/wp\/v2\/comments?post=83"}],"version-history":[{"count":1,"href":"https:\/\/academypedia.info\/pt-BR\/wp-json\/wp\/v2\/pages\/83\/revisions"}],"predecessor-version":[{"id":101,"href":"https:\/\/academypedia.info\/pt-BR\/wp-json\/wp\/v2\/pages\/83\/revisions\/101"}],"wp:featuredmedia":[{"embeddable":true,"href":"https:\/\/academypedia.info\/pt-BR\/wp-json\/wp\/v2\/media\/100"}],"wp:attachment":[{"href":"https:\/\/academypedia.info\/pt-BR\/wp-json\/wp\/v2\/media?parent=83"}],"curies":[{"name":"wp","href":"https:\/\/api.w.org\/{rel}","templated":true}]}}